{"id":166,"date":"2018-05-26T19:54:12","date_gmt":"2018-05-26T17:54:12","guid":{"rendered":"http:\/\/www.pj-capital.cz\/?page_id=166"},"modified":"2018-05-31T14:31:17","modified_gmt":"2018-05-31T12:31:17","slug":"kontakt-pro-podnikatele","status":"publish","type":"page","link":"https:\/\/www.pj-capital.cz\/cs\/kontakt-pro-podnikatele\/","title":{"rendered":"Kontakt pro podnikatele"},"content":{"rendered":"<div class=\"wpb-content-wrapper\"><p>[vc_row full_width=&#8220;stretch_row_content&#8220; full_height=&#8220;yes&#8220; equal_height=&#8220;yes&#8220; content_placement=&#8220;middle&#8220; css=&#8220;.vc_custom_1527670377688{background-image: url(http:\/\/www.pj-capital.cz\/wp-content\/uploads\/2018\/05\/We_ll_take_you_to_the_next.jpg?id=55) !important;background-position: center !important;background-repeat: no-repeat !important;background-size: cover !important;}&#8220;][vc_column offset=&#8220;vc_col-lg-offset-1 vc_col-lg-3 vc_col-md-12 vc_col-xs-12&#8243;][vc_custom_heading text=&#8220;PRO PODNIKATELE&#8220; font_container=&#8220;tag:p|text_align:left|color:%23ec6022&#8243; use_theme_fonts=&#8220;yes&#8220;][vc_custom_heading text=&#8220;Poj\u010fme si promluvit&#8220; font_container=&#8220;tag:h1|text_align:left&#8220; use_theme_fonts=&#8220;yes&#8220;][vc_separator color=&#8220;black&#8220; align=&#8220;align_left&#8220; border_width=&#8220;2&#8243; el_width=&#8220;10&#8243;][vc_column_text]Ne\u017e se potk\u00e1me osobn\u011b, cht\u011bli bychom se dozv\u011bd\u011bt v\u00edce informac\u00ed o v\u00e1s a o va\u0161em projektu. Pros\u00edm, pou\u017eijte k tomu tento formul\u00e1\u0159. \u0160t\u011bst\u00ed p\u0159eje p\u0159ipraven\u00fdm. Pokud m\u00e1te k dispozici pitch deck (prezentaci va\u0161eho projektu), nebojte se ho p\u0159ipojit. Zv\u00fd\u0161\u00edte tak \u0161anci na spolupr\u00e1ci ji\u017e od sam\u00e9ho za\u010d\u00e1tku.[\/vc_column_text][\/vc_column][vc_column offset=&#8220;vc_col-lg-offset-0 vc_col-lg-7 vc_col-md-offset-0 vc_col-md-12 vc_col-sm-offset-0 vc_col-xs-12&#8243;]\n<div class=\"wpcf7 no-js\" id=\"wpcf7-f169-o1\" lang=\"cs-CZ\" dir=\"ltr\" data-wpcf7-id=\"169\">\n<div class=\"screen-reader-response\"><p role=\"status\" aria-live=\"polite\" aria-atomic=\"true\"><\/p> <ul><\/ul><\/div>\n<form action=\"\/cs\/wp-json\/wp\/v2\/pages\/166#wpcf7-f169-o1\" method=\"post\" class=\"wpcf7-form init\" aria-label=\"Kontaktn\u00ed formul\u00e1\u0159\" enctype=\"multipart\/form-data\" novalidate=\"novalidate\" data-status=\"init\">\n<fieldset class=\"hidden-fields-container\"><input type=\"hidden\" name=\"_wpcf7\" value=\"169\" \/><input type=\"hidden\" name=\"_wpcf7_version\" value=\"6.1\" \/><input type=\"hidden\" name=\"_wpcf7_locale\" value=\"cs_CZ\" \/><input type=\"hidden\" name=\"_wpcf7_unit_tag\" value=\"wpcf7-f169-o1\" \/><input type=\"hidden\" name=\"_wpcf7_container_post\" value=\"0\" \/><input type=\"hidden\" name=\"_wpcf7_posted_data_hash\" value=\"\" \/><input type=\"hidden\" name=\"_wpcf7_recaptcha_response\" value=\"\" \/>\n<\/fieldset>\n<div class=\"row\"  id=\"ent-cz\">\n\t<div class=\"col-12 col-md-6\">\n\t\t<div class=\"form-group\">\n\t\t\t<p><span class=\"wpcf7-form-control-wrap\" data-name=\"fullname\"><input size=\"40\" maxlength=\"400\" class=\"wpcf7-form-control wpcf7-text wpcf7-validates-as-required form-control\" aria-required=\"true\" aria-invalid=\"false\" placeholder=\"VA\u0160E JM\u00c9NO\" value=\"\" type=\"text\" name=\"fullname\" \/><\/span>\n\t\t\t<\/p>\n\t\t<\/div>\n\t\t<div class=\"form-group\">\n\t\t\t<p><span class=\"wpcf7-form-control-wrap\" data-name=\"email\"><input size=\"40\" maxlength=\"400\" class=\"wpcf7-form-control wpcf7-text wpcf7-validates-as-required form-control\" aria-required=\"true\" aria-invalid=\"false\" placeholder=\"E-MAIL\" value=\"\" type=\"text\" name=\"email\" \/><\/span>\n\t\t\t<\/p>\n\t\t<\/div>\n\t\t<div class=\"form-group\">\n\t\t\t<p><span class=\"wpcf7-form-control-wrap\" data-name=\"country\"><select class=\"wpcf7-form-control wpcf7-select wpcf7-validates-as-required custom-select\" aria-required=\"true\" aria-invalid=\"false\" name=\"country\"><option value=\"St\u00e1t\">St\u00e1t<\/option><option value=\"\u010cesk\u00e1 republika\">\u010cesk\u00e1 republika<\/option><option value=\"Afgh\u00e1nist\u00e1n\">Afgh\u00e1nist\u00e1n<\/option><option value=\"Alb\u00e1nie\">Alb\u00e1nie<\/option><option value=\"Americk\u00e1 Samoa\">Americk\u00e1 Samoa<\/option><option value=\"Andorra\">Andorra<\/option><option value=\"Angola\">Angola<\/option><option value=\"Antigua a Barbuda\">Antigua a Barbuda<\/option><option value=\"Argentina\">Argentina<\/option><option value=\"Arm\u00e9nie\">Arm\u00e9nie<\/option><option value=\"Aruba\">Aruba<\/option><option value=\"Bahamy\">Bahamy<\/option><option value=\"Bahrajn\">Bahrajn<\/option><option value=\"Banglad\u00e9\u0161\">Banglad\u00e9\u0161<\/option><option value=\"Barbados\">Barbados<\/option><option value=\"Belize\">Belize<\/option><option value=\"B\u011blorusko\">B\u011blorusko<\/option><option value=\"Benin\">Benin<\/option><option value=\"Bermudy\">Bermudy<\/option><option value=\"Bh\u00fat\u00e1n\">Bh\u00fat\u00e1n<\/option><option value=\"Bol\u00edvie\">Bol\u00edvie<\/option><option value=\"Bosna a Hercegovina\">Bosna a Hercegovina<\/option><option value=\"Botswana\">Botswana<\/option><option value=\"Braz\u00edlie\">Braz\u00edlie<\/option><option value=\"Brunej\">Brunej<\/option><option value=\"Bulharsko\">Bulharsko<\/option><option value=\"Burkina Faso\">Burkina Faso<\/option><option value=\"\u010cern\u00e1 Hora\">\u010cern\u00e1 Hora<\/option><option value=\"\u010cesk\u00e1 republika\">\u010cesk\u00e1 republika<\/option><option value=\"Chile\">Chile<\/option><option value=\"Chorvatsko\">Chorvatsko<\/option><option value=\"\u010c\u00edna\">\u010c\u00edna<\/option><option value=\"Dominik\u00e1nsk\u00e1 republika\">Dominik\u00e1nsk\u00e1 republika<\/option><option value=\"D\u017eibutsko\">D\u017eibutsko<\/option><option value=\"Eritrea\">Eritrea<\/option><option value=\"Estonsko\">Estonsko<\/option><option value=\"Etiopie\">Etiopie<\/option><option value=\"Fid\u017ei\">Fid\u017ei<\/option><option value=\"Filip\u00edny\">Filip\u00edny<\/option><option value=\"Finsko\">Finsko<\/option><option value=\"Francie\">Francie<\/option><option value=\"Gabonu\">Gabonu<\/option><option value=\"Grenada\">Grenada<\/option><option value=\"Guam\">Guam<\/option><option value=\"Guatemala\">Guatemala<\/option><option value=\"Guinea - Bissau\">Guinea - Bissau<\/option><option value=\"Guyana\">Guyana<\/option><option value=\"Haiti\">Haiti<\/option><option value=\"Honduras\">Honduras<\/option><option value=\"Hong Kong\">Hong Kong<\/option><option value=\"Indie\">Indie<\/option><option value=\"Indon\u00e9sie\">Indon\u00e9sie<\/option><option value=\"\u00cdr\u00e1n\">\u00cdr\u00e1n<\/option><option value=\"Irsko\">Irsko<\/option><option value=\"Jemen\">Jemen<\/option><option value=\"Jihoafrick\u00e1 republika\">Jihoafrick\u00e1 republika<\/option><option value=\"Kajmansk\u00e9 ostrovy\">Kajmansk\u00e9 ostrovy<\/option><option value=\"Kambod\u017ea\">Kambod\u017ea<\/option><option value=\"Kambod\u017ea\">Kambod\u017ea<\/option><option value=\"Kamerun\">Kamerun<\/option><option value=\"Kanada\">Kanada<\/option><option value=\"Katar\">Katar<\/option><option value=\"Kazachst\u00e1n\">Kazachst\u00e1n<\/option><option value=\"Ke\u0148a\">Ke\u0148a<\/option><option value=\"Kiribati\">Kiribati<\/option><option value=\"KLDR\">KLDR<\/option><option value=\"Kolumbie\">Kolumbie<\/option><option value=\"Korea\">Korea<\/option><option value=\"Kuvajt\">Kuvajt<\/option><option value=\"Kypr\">Kypr<\/option><option value=\"Kyrgyzst\u00e1n\">Kyrgyzst\u00e1n<\/option><option value=\"Laos\">Laos<\/option><option value=\"Lesotho\">Lesotho<\/option><option value=\"Libanon\">Libanon<\/option><option value=\"Lib\u00e9rie\">Lib\u00e9rie<\/option><option value=\"Libye\">Libye<\/option><option value=\"Lichten\u0161tejnsko\">Lichten\u0161tejnsko<\/option><option value=\"Litva\">Litva<\/option><option value=\"Loty\u0161sko\">Loty\u0161sko<\/option><option value=\"Lucembursko\">Lucembursko<\/option><option value=\"Madagaskar\">Madagaskar<\/option><option value=\"Ma\u010farsko\">Ma\u010farsko<\/option><option value=\"Malajsie\">Malajsie<\/option><option value=\"Malajsie\">Malajsie<\/option><option value=\"Mali\">Mali<\/option><option value=\"Malta\">Malta<\/option><option value=\"Maroko\">Maroko<\/option><option value=\"Mauricius\">Mauricius<\/option><option value=\"Maurit\u00e1nie\">Maurit\u00e1nie<\/option><option value=\"Mikron\u00e9sie\">Mikron\u00e9sie<\/option><option value=\"Mjanmarsko\">Mjanmarsko<\/option><option value=\"Moldavsko\">Moldavsko<\/option><option value=\"Monako\">Monako<\/option><option value=\"Mongolsko\">Mongolsko<\/option><option value=\"Mozambik\">Mozambik<\/option><option value=\"Nauru\">Nauru<\/option><option value=\"N\u011bmecko\">N\u011bmecko<\/option><option value=\"Nep\u00e1l\">Nep\u00e1l<\/option><option value=\"Nig\u00e9rie\">Nig\u00e9rie<\/option><option value=\"Nov\u00fd Z\u00e9land\">Nov\u00fd Z\u00e9land<\/option><option value=\"Om\u00e1n\">Om\u00e1n<\/option><option value=\"P\u00e1kist\u00e1n\">P\u00e1kist\u00e1n<\/option><option value=\"Palau\">Palau<\/option><option value=\"Palestina\">Palestina<\/option><option value=\"Panama\">Panama<\/option><option value=\"Papua Nov\u00e1 Guinea\">Papua Nov\u00e1 Guinea<\/option><option value=\"Paraguay\">Paraguay<\/option><option value=\"Peru\">Peru<\/option><option value=\"Pob\u0159e\u017e\u00ed slonoviny\">Pob\u0159e\u017e\u00ed slonoviny<\/option><option value=\"Polsko\">Polsko<\/option><option value=\"Portoriko\">Portoriko<\/option><option value=\"Portugalsko\">Portugalsko<\/option><option value=\"\u0158ecko\">\u0158ecko<\/option><option value=\"Rovn\u00edkov\u00e1 Guinea\">Rovn\u00edkov\u00e1 Guinea<\/option><option value=\"Rumunsko\">Rumunsko<\/option><option value=\"Rusko\">Rusko<\/option><option value=\"Rwanda\">Rwanda<\/option><option value=\"\u0160alamounovy ostrovy\">\u0160alamounovy ostrovy<\/option><option value=\"Salvador\">Salvador<\/option><option value=\"Samoa\">Samoa<\/option><option value=\"San Marino\">San Marino<\/option><option value=\"Seychely\">Seychely<\/option><option value=\"Sierra Leone\">Sierra Leone<\/option><option value=\"Som\u00e1lsko\">Som\u00e1lsko<\/option><option value=\"\u0160pan\u011blsko\">\u0160pan\u011blsko<\/option><option value=\"Spojen\u00e9 arabsk\u00e9 emir\u00e1ty\">Spojen\u00e9 arabsk\u00e9 emir\u00e1ty<\/option><option value=\"Spojen\u00e9 st\u00e1ty\">Spojen\u00e9 st\u00e1ty<\/option><option value=\"Srbsko\">Srbsko<\/option><option value=\"Sr\u00ed Lanka\">Sr\u00ed Lanka<\/option><option value=\"St\u0159edoafrick\u00e1 republika\">St\u0159edoafrick\u00e1 republika<\/option><option value=\"Surinam\">Surinam<\/option><option value=\"Svat\u00e1 Lucie\">Svat\u00e1 Lucie<\/option><option value=\"Svat\u00fd Kry\u0161tof a Nevis\">Svat\u00fd Kry\u0161tof a Nevis<\/option><option value=\"Svat\u00fd Tom\u00e1\u0161 a Princ\u016fv ostrov\">Svat\u00fd Tom\u00e1\u0161 a Princ\u016fv ostrov<\/option><option value=\"Svat\u00fd Vincent a Grenadiny\">Svat\u00fd Vincent a Grenadiny<\/option><option value=\"Svazijsko\">Svazijsko<\/option><option value=\"\u0160v\u00e9dsko\">\u0160v\u00e9dsko<\/option><option value=\"\u0160v\u00fdcarsko\">\u0160v\u00fdcarsko<\/option><option value=\"S\u00fdrie\">S\u00fdrie<\/option><option value=\"S\u00fdrie\">S\u00fdrie<\/option><option value=\"T\u00e1d\u017eikist\u00e1n\">T\u00e1d\u017eikist\u00e1n<\/option><option value=\"Tanzanie\">Tanzanie<\/option><option value=\"Tchaj-wan\">Tchaj-wan<\/option><option value=\"Turkmenist\u00e1n\">Turkmenist\u00e1n<\/option><option value=\"Uganda\">Uganda<\/option><option value=\"Ukrajina\">Ukrajina<\/option><option value=\"Uruguay\">Uruguay<\/option><option value=\"Uzbekist\u00e1n\">Uzbekist\u00e1n<\/option><option value=\"Vanuatu\">Vanuatu<\/option><option value=\"Vietnam\">Vietnam<\/option><option value=\"Zambie\">Zambie<\/option><option value=\"Zimbabwe\">Zimbabwe<\/option><\/select><\/span>\n\t\t\t<\/p>\n\t\t<\/div>\n\t\t<div class=\"form-group\">\n\t\t\t<p><span class=\"wpcf7-form-control-wrap\" data-name=\"investment-sought\"><select class=\"wpcf7-form-control wpcf7-select wpcf7-validates-as-required custom-select\" aria-required=\"true\" aria-invalid=\"false\" name=\"investment-sought\"><option value=\"PO\u017dADOVAN\u00c1 INVESTICE V EUR\">PO\u017dADOVAN\u00c1 INVESTICE V EUR<\/option><option value=\"M\u00e9n\u011b ne\u017e 300,000\">M\u00e9n\u011b ne\u017e 300,000<\/option><option value=\"300,000 - 1,000,000\">300,000 - 1,000,000<\/option><option value=\"V\u00edce ne\u017e 1,000,000\">V\u00edce ne\u017e 1,000,000<\/option><\/select><\/span>\n\t\t\t<\/p>\n\t\t<\/div>\n\t<\/div>\n\t<div class=\"col-12 col-md-6\">\n\t\t<div class=\"form-group\">\n\t\t\t<p><span class=\"wpcf7-form-control-wrap\" data-name=\"project\"><input size=\"40\" maxlength=\"400\" class=\"wpcf7-form-control wpcf7-text wpcf7-validates-as-required form-control\" aria-required=\"true\" aria-invalid=\"false\" placeholder=\"N\u00c1ZEV VA\u0160EHO PROJEKTU\" value=\"\" type=\"text\" name=\"project\" \/><\/span>\n\t\t\t<\/p>\n\t\t<\/div>\n\t\t<div class=\"form-group\">\n\t\t\t<p><span class=\"wpcf7-form-control-wrap\" data-name=\"phone\"><input size=\"40\" maxlength=\"400\" class=\"wpcf7-form-control wpcf7-tel wpcf7-validates-as-required wpcf7-text wpcf7-validates-as-tel form-control\" aria-required=\"true\" aria-invalid=\"false\" placeholder=\"TELEFON\" value=\"\" type=\"tel\" name=\"phone\" \/><\/span>\n\t\t\t<\/p>\n\t\t<\/div>\n\t\t<div class=\"form-group\">\n\t\t\t<p><span class=\"wpcf7-form-control-wrap\" data-name=\"monthly-revenue\"><select class=\"wpcf7-form-control wpcf7-select wpcf7-validates-as-required custom-select\" aria-required=\"true\" aria-invalid=\"false\" name=\"monthly-revenue\"><option value=\"JAK\u00c9 JSOU VA\u0160E M\u011aS\u00cd\u010cN\u00cd TR\u017dBY V EUR\">JAK\u00c9 JSOU VA\u0160E M\u011aS\u00cd\u010cN\u00cd TR\u017dBY V EUR<\/option><option value=\"0 - 5,000\">0 - 5,000<\/option><option value=\"5,000 - 10,000\">5,000 - 10,000<\/option><option value=\"V\u00edce ne\u017e 10,000\">V\u00edce ne\u017e 10,000<\/option><\/select><\/span>\n\t\t\t<\/p>\n\t\t<\/div>\n\t\t<div class=\"custom-file\">\n\t\t\t<p><span class=\"wpcf7-form-control-wrap\" data-name=\"file\"><input size=\"40\" class=\"wpcf7-form-control wpcf7-file custom-file-input\" id=\"entrepreneurs-form-file\" accept=\".pdf,.txt\" aria-invalid=\"false\" type=\"file\" name=\"file\" \/><\/span><br \/>\n<label class=\"custom-file-label\" for=\"entrepreneurs-form-file\">POKUD M\u00c1TE PITCH DECK, NAHRAJTE HO ZDE<\/label>\n\t\t\t<\/p>\n\t\t<\/div>\n\t<\/div>\n\t<div class=\"col-12\">\n\t\t<div class=\"form-group\">\n\t\t\t<p><span class=\"wpcf7-form-control-wrap\" data-name=\"description\"><input size=\"40\" maxlength=\"400\" class=\"wpcf7-form-control wpcf7-text form-control\" aria-invalid=\"false\" placeholder=\"POPI\u0160TE SV\u016eJ PROJEKT A JAK MU M\u016e\u017dEME POMOCT VYR\u016eST\" value=\"\" type=\"text\" name=\"description\" \/><\/span>\n\t\t\t<\/p>\n\t\t<\/div>\n\t\t<div class=\"form-group\">\n\t\t\t<p><span class=\"wpcf7-form-control-wrap\" data-name=\"message\"><textarea cols=\"40\" rows=\"1\" maxlength=\"2000\" class=\"wpcf7-form-control wpcf7-textarea form-control\" aria-invalid=\"false\" placeholder=\"VA\u0160E JM\u00c9NO\" name=\"message\"><\/textarea><\/span>\n\t\t\t<\/p>\n\t\t<\/div>\n\t<\/div>\n\t<div class=\"col-12 col-md-6\">\n\t\t<div class=\"custom-control custom-checkbox\">\n\t\t\t<p><span class=\"wpcf7-form-control-wrap\" data-name=\"privacy-policy\"><span class=\"wpcf7-form-control wpcf7-acceptance\"><span class=\"wpcf7-list-item\"><label><input type=\"checkbox\" name=\"privacy-policy\" value=\"1\" class=\"custom-control-input\" id=\"entrepreneurs-frm-privacy-policy\" aria-invalid=\"false\" \/><span class=\"wpcf7-list-item-label\"><label class=\"custom-control-label\" for=\"entrepreneurs-frm-privacy-policy\">Souhlas\u00edm se <a href=\"\/cs\/privacy-policy\">Z\u00e1sadami pro ochranu osobn\u00edch \u00fadaj\u016f<\/a>\n            <\/label><\/span><\/label><\/span><\/span><\/span>\n\t\t\t<\/p>\n\t\t<\/div>\n\t<\/div>\n\t<div class=\"col-12 col-md-6\">\n\t\t<div class=\"float-right\">\n\t\t\n\t\t<\/div>\n\t<\/div>\n\t<div class=\"col-12\">\n\t\t<p><input class=\"wpcf7-form-control wpcf7-submit has-spinner btn btn-outline-dark btn-lg rounded-0 float-right\" type=\"submit\" value=\"ODESLAT\" \/>\n\t\t<\/p>\n\t<\/div>\n<\/div><div class=\"wpcf7-response-output\" aria-hidden=\"true\"><\/div>\n<\/form>\n<\/div>\n[\/vc_column][\/vc_row]<\/p>\n<\/div>","protected":false},"excerpt":{"rendered":"<p>[vc_row full_width=&#8220;stretch_row_content&#8220; full_height=&#8220;yes&#8220; equal_height=&#8220;yes&#8220; content_placement=&#8220;middle&#8220; css=&#8220;.vc_custom_1527670377688{background-image: url(http:\/\/www.pj-capital.cz\/wp-content\/uploads\/2018\/05\/We_ll_take_you_to_the_next.jpg?id=55) !important;background-position: center !important;background-repeat: no-repeat !important;background-size: cover !important;}&#8220;][vc_column offset=&#8220;vc_col-lg-offset-1 vc_col-lg-3 vc_col-md-12 vc_col-xs-12&#8243;][vc_custom_heading text=&#8220;PRO PODNIKATELE&#8220; font_container=&#8220;tag:p|text_align:left|color:%23ec6022&#8243; use_theme_fonts=&#8220;yes&#8220;][vc_custom_heading text=&#8220;Poj\u010fme si promluvit&#8220; font_container=&#8220;tag:h1|text_align:left&#8220; use_theme_fonts=&#8220;yes&#8220;][vc_separator color=&#8220;black&#8220; align=&#8220;align_left&#8220; border_width=&#8220;2&#8243; el_width=&#8220;10&#8243;][vc_column_text]Ne\u017e se potk\u00e1me osobn\u011b, cht\u011bli bychom se dozv\u011bd\u011bt v\u00edce informac\u00ed o v\u00e1s a o va\u0161em projektu. Pros\u00edm, pou\u017eijte k tomu tento formul\u00e1\u0159. \u0160t\u011bst\u00ed p\u0159eje p\u0159ipraven\u00fdm. [&hellip;]<\/p>\n","protected":false},"author":1,"featured_media":0,"parent":0,"menu_order":0,"comment_status":"closed","ping_status":"closed","template":"","meta":{"footnotes":""},"class_list":["post-166","page","type-page","status-publish","hentry"],"yoast_head":"<!-- This site is optimized with the Yoast SEO plugin v25.5 - https:\/\/yoast.com\/wordpress\/plugins\/seo\/ -->\n<title>Kontakt pro podnikatele - PJ Capital<\/title>\n<meta name=\"robots\" content=\"index, follow, max-snippet:-1, max-image-preview:large, max-video-preview:-1\" \/>\n<link rel=\"canonical\" href=\"https:\/\/www.pj-capital.cz\/contact-us\/\" \/>\n<meta property=\"og:locale\" content=\"cs_CZ\" \/>\n<meta property=\"og:type\" content=\"article\" \/>\n<meta property=\"og:title\" content=\"Kontakt pro podnikatele - PJ Capital\" \/>\n<meta property=\"og:description\" content=\"[vc_row full_width=&#8220;stretch_row_content&#8220; full_height=&#8220;yes&#8220; equal_height=&#8220;yes&#8220; content_placement=&#8220;middle&#8220; css=&#8220;.vc_custom_1527670377688{background-image: url(http:\/\/www.pj-capital.cz\/wp-content\/uploads\/2018\/05\/We_ll_take_you_to_the_next.jpg?id=55) !important;background-position: center !important;background-repeat: no-repeat !important;background-size: cover !important;}&#8220;][vc_column offset=&#8220;vc_col-lg-offset-1 vc_col-lg-3 vc_col-md-12 vc_col-xs-12&#8243;][vc_custom_heading text=&#8220;PRO PODNIKATELE&#8220; font_container=&#8220;tag:p|text_align:left|color:%23ec6022&#8243; use_theme_fonts=&#8220;yes&#8220;][vc_custom_heading text=&#8220;Poj\u010fme si promluvit&#8220; font_container=&#8220;tag:h1|text_align:left&#8220; use_theme_fonts=&#8220;yes&#8220;][vc_separator color=&#8220;black&#8220; align=&#8220;align_left&#8220; border_width=&#8220;2&#8243; el_width=&#8220;10&#8243;][vc_column_text]Ne\u017e se potk\u00e1me osobn\u011b, cht\u011bli bychom se dozv\u011bd\u011bt v\u00edce informac\u00ed o v\u00e1s a o va\u0161em projektu. Pros\u00edm, pou\u017eijte k tomu tento formul\u00e1\u0159. \u0160t\u011bst\u00ed p\u0159eje p\u0159ipraven\u00fdm. [&hellip;]\" \/>\n<meta property=\"og:url\" content=\"https:\/\/www.pj-capital.cz\/contact-us\/\" \/>\n<meta property=\"og:site_name\" content=\"PJ Capital\" \/>\n<meta property=\"article:modified_time\" content=\"2018-05-31T12:31:17+00:00\" \/>\n<meta name=\"twitter:card\" content=\"summary_large_image\" \/>\n<meta name=\"twitter:label1\" content=\"Odhadovan\u00e1 doba \u010dten\u00ed\" \/>\n\t<meta name=\"twitter:data1\" content=\"1 minuta\" \/>\n<script type=\"application\/ld+json\" class=\"yoast-schema-graph\">{\"@context\":\"https:\/\/schema.org\",\"@graph\":[{\"@type\":\"WebPage\",\"@id\":\"https:\/\/www.pj-capital.cz\/contact-us\/\",\"url\":\"https:\/\/www.pj-capital.cz\/contact-us\/\",\"name\":\"Kontakt pro podnikatele - PJ Capital\",\"isPartOf\":{\"@id\":\"https:\/\/www.pj-capital.cz\/#website\"},\"datePublished\":\"2018-05-26T17:54:12+00:00\",\"dateModified\":\"2018-05-31T12:31:17+00:00\",\"breadcrumb\":{\"@id\":\"https:\/\/www.pj-capital.cz\/contact-us\/#breadcrumb\"},\"inLanguage\":\"cs\",\"potentialAction\":[{\"@type\":\"ReadAction\",\"target\":[\"https:\/\/www.pj-capital.cz\/contact-us\/\"]}]},{\"@type\":\"BreadcrumbList\",\"@id\":\"https:\/\/www.pj-capital.cz\/contact-us\/#breadcrumb\",\"itemListElement\":[{\"@type\":\"ListItem\",\"position\":1,\"name\":\"Dom\u016f\",\"item\":\"https:\/\/www.pj-capital.cz\/cs\/\"},{\"@type\":\"ListItem\",\"position\":2,\"name\":\"Kontakt pro podnikatele\"}]},{\"@type\":\"WebSite\",\"@id\":\"https:\/\/www.pj-capital.cz\/#website\",\"url\":\"https:\/\/www.pj-capital.cz\/\",\"name\":\"PJ Capital\",\"description\":\"\",\"publisher\":{\"@id\":\"https:\/\/www.pj-capital.cz\/#organization\"},\"potentialAction\":[{\"@type\":\"SearchAction\",\"target\":{\"@type\":\"EntryPoint\",\"urlTemplate\":\"https:\/\/www.pj-capital.cz\/?s={search_term_string}\"},\"query-input\":{\"@type\":\"PropertyValueSpecification\",\"valueRequired\":true,\"valueName\":\"search_term_string\"}}],\"inLanguage\":\"cs\"},{\"@type\":\"Organization\",\"@id\":\"https:\/\/www.pj-capital.cz\/#organization\",\"name\":\"PJ Capital\",\"url\":\"https:\/\/www.pj-capital.cz\/\",\"logo\":{\"@type\":\"ImageObject\",\"inLanguage\":\"cs\",\"@id\":\"https:\/\/www.pj-capital.cz\/#\/schema\/logo\/image\/\",\"url\":\"https:\/\/www.pj-capital.cz\/wp-content\/uploads\/2018\/05\/cropped-PJCapital_transparent300x212-1.png\",\"contentUrl\":\"https:\/\/www.pj-capital.cz\/wp-content\/uploads\/2018\/05\/cropped-PJCapital_transparent300x212-1.png\",\"width\":84,\"height\":60,\"caption\":\"PJ Capital\"},\"image\":{\"@id\":\"https:\/\/www.pj-capital.cz\/#\/schema\/logo\/image\/\"}}]}<\/script>\n<!-- \/ Yoast SEO plugin. -->","yoast_head_json":{"title":"Kontakt pro podnikatele - PJ Capital","robots":{"index":"index","follow":"follow","max-snippet":"max-snippet:-1","max-image-preview":"max-image-preview:large","max-video-preview":"max-video-preview:-1"},"canonical":"https:\/\/www.pj-capital.cz\/contact-us\/","og_locale":"cs_CZ","og_type":"article","og_title":"Kontakt pro podnikatele - PJ Capital","og_description":"[vc_row full_width=&#8220;stretch_row_content&#8220; full_height=&#8220;yes&#8220; equal_height=&#8220;yes&#8220; content_placement=&#8220;middle&#8220; css=&#8220;.vc_custom_1527670377688{background-image: url(http:\/\/www.pj-capital.cz\/wp-content\/uploads\/2018\/05\/We_ll_take_you_to_the_next.jpg?id=55) !important;background-position: center !important;background-repeat: no-repeat !important;background-size: cover !important;}&#8220;][vc_column offset=&#8220;vc_col-lg-offset-1 vc_col-lg-3 vc_col-md-12 vc_col-xs-12&#8243;][vc_custom_heading text=&#8220;PRO PODNIKATELE&#8220; font_container=&#8220;tag:p|text_align:left|color:%23ec6022&#8243; use_theme_fonts=&#8220;yes&#8220;][vc_custom_heading text=&#8220;Poj\u010fme si promluvit&#8220; font_container=&#8220;tag:h1|text_align:left&#8220; use_theme_fonts=&#8220;yes&#8220;][vc_separator color=&#8220;black&#8220; align=&#8220;align_left&#8220; border_width=&#8220;2&#8243; el_width=&#8220;10&#8243;][vc_column_text]Ne\u017e se potk\u00e1me osobn\u011b, cht\u011bli bychom se dozv\u011bd\u011bt v\u00edce informac\u00ed o v\u00e1s a o va\u0161em projektu. Pros\u00edm, pou\u017eijte k tomu tento formul\u00e1\u0159. \u0160t\u011bst\u00ed p\u0159eje p\u0159ipraven\u00fdm. [&hellip;]","og_url":"https:\/\/www.pj-capital.cz\/contact-us\/","og_site_name":"PJ Capital","article_modified_time":"2018-05-31T12:31:17+00:00","twitter_card":"summary_large_image","twitter_misc":{"Odhadovan\u00e1 doba \u010dten\u00ed":"1 minuta"},"schema":{"@context":"https:\/\/schema.org","@graph":[{"@type":"WebPage","@id":"https:\/\/www.pj-capital.cz\/contact-us\/","url":"https:\/\/www.pj-capital.cz\/contact-us\/","name":"Kontakt pro podnikatele - PJ Capital","isPartOf":{"@id":"https:\/\/www.pj-capital.cz\/#website"},"datePublished":"2018-05-26T17:54:12+00:00","dateModified":"2018-05-31T12:31:17+00:00","breadcrumb":{"@id":"https:\/\/www.pj-capital.cz\/contact-us\/#breadcrumb"},"inLanguage":"cs","potentialAction":[{"@type":"ReadAction","target":["https:\/\/www.pj-capital.cz\/contact-us\/"]}]},{"@type":"BreadcrumbList","@id":"https:\/\/www.pj-capital.cz\/contact-us\/#breadcrumb","itemListElement":[{"@type":"ListItem","position":1,"name":"Dom\u016f","item":"https:\/\/www.pj-capital.cz\/cs\/"},{"@type":"ListItem","position":2,"name":"Kontakt pro podnikatele"}]},{"@type":"WebSite","@id":"https:\/\/www.pj-capital.cz\/#website","url":"https:\/\/www.pj-capital.cz\/","name":"PJ Capital","description":"","publisher":{"@id":"https:\/\/www.pj-capital.cz\/#organization"},"potentialAction":[{"@type":"SearchAction","target":{"@type":"EntryPoint","urlTemplate":"https:\/\/www.pj-capital.cz\/?s={search_term_string}"},"query-input":{"@type":"PropertyValueSpecification","valueRequired":true,"valueName":"search_term_string"}}],"inLanguage":"cs"},{"@type":"Organization","@id":"https:\/\/www.pj-capital.cz\/#organization","name":"PJ Capital","url":"https:\/\/www.pj-capital.cz\/","logo":{"@type":"ImageObject","inLanguage":"cs","@id":"https:\/\/www.pj-capital.cz\/#\/schema\/logo\/image\/","url":"https:\/\/www.pj-capital.cz\/wp-content\/uploads\/2018\/05\/cropped-PJCapital_transparent300x212-1.png","contentUrl":"https:\/\/www.pj-capital.cz\/wp-content\/uploads\/2018\/05\/cropped-PJCapital_transparent300x212-1.png","width":84,"height":60,"caption":"PJ Capital"},"image":{"@id":"https:\/\/www.pj-capital.cz\/#\/schema\/logo\/image\/"}}]}},"_links":{"self":[{"href":"https:\/\/www.pj-capital.cz\/cs\/wp-json\/wp\/v2\/pages\/166","targetHints":{"allow":["GET"]}}],"collection":[{"href":"https:\/\/www.pj-capital.cz\/cs\/wp-json\/wp\/v2\/pages"}],"about":[{"href":"https:\/\/www.pj-capital.cz\/cs\/wp-json\/wp\/v2\/types\/page"}],"author":[{"embeddable":true,"href":"https:\/\/www.pj-capital.cz\/cs\/wp-json\/wp\/v2\/users\/1"}],"replies":[{"embeddable":true,"href":"https:\/\/www.pj-capital.cz\/cs\/wp-json\/wp\/v2\/comments?post=166"}],"version-history":[{"count":7,"href":"https:\/\/www.pj-capital.cz\/cs\/wp-json\/wp\/v2\/pages\/166\/revisions"}],"predecessor-version":[{"id":170,"href":"https:\/\/www.pj-capital.cz\/cs\/wp-json\/wp\/v2\/pages\/166\/revisions\/170"}],"wp:attachment":[{"href":"https:\/\/www.pj-capital.cz\/cs\/wp-json\/wp\/v2\/media?parent=166"}],"curies":[{"name":"wp","href":"https:\/\/api.w.org\/{rel}","templated":true}]}}