{"id":178,"date":"2018-05-26T20:32:42","date_gmt":"2018-05-26T18:32:42","guid":{"rendered":"http:\/\/www.pj-capital.cz\/?page_id=178"},"modified":"2018-05-31T16:22:50","modified_gmt":"2018-05-31T14:22:50","slug":"contact-for-investors","status":"publish","type":"page","link":"https:\/\/www.pj-capital.cz\/cs\/contact-for-investors\/","title":{"rendered":"Kontakt pro investory"},"content":{"rendered":"<div class=\"wpb-content-wrapper\"><p>[vc_row full_width=&#8220;stretch_row_content&#8220; full_height=&#8220;yes&#8220; equal_height=&#8220;yes&#8220; content_placement=&#8220;middle&#8220; css=&#8220;.vc_custom_1527671782879{background-image: url(http:\/\/www.pj-capital.cz\/wp-content\/uploads\/2018\/05\/We_ll_take_you_to_the_next.jpg?id=55) !important;background-position: center !important;background-repeat: no-repeat !important;background-size: cover !important;}&#8220;][vc_column offset=&#8220;vc_col-lg-offset-1 vc_col-lg-3 vc_col-md-12 vc_col-xs-12&#8243;][vc_custom_heading text=&#8220;PRO INVESTORY&#8220; font_container=&#8220;tag:p|text_align:left|color:%23ec6022&#8243; use_theme_fonts=&#8220;yes&#8220;][vc_custom_heading text=&#8220;Promluvme si&#8220; font_container=&#8220;tag:h1|text_align:left&#8220; use_theme_fonts=&#8220;yes&#8220;][vc_separator color=&#8220;black&#8220; align=&#8220;align_left&#8220; border_width=&#8220;2&#8243; el_width=&#8220;10&#8243;][vc_column_text]Pokud se chcete st\u00e1t spoluinvestorem na\u0161ich projekt\u016f, nev\u00e1hejte a sjednejte si s n\u00e1mi sch\u016fzku pomoc\u00ed tohoto formul\u00e1\u0159e. Pokud jste podnikatelem hledaj\u00edc\u00edm investici pro sv\u016fj projekt, vyu\u017eijte rad\u011bji <a href=\"\/cs\/contact-us\/\"><span style=\"color: #ff6016;\">tuto<\/span><\/a> str\u00e1nku.[\/vc_column_text][\/vc_column][vc_column offset=&#8220;vc_col-lg-offset-2 vc_col-lg-5 vc_col-md-12 vc_col-xs-12&#8243;]\n<div class=\"wpcf7 no-js\" id=\"wpcf7-f183-o1\" lang=\"cs-CZ\" dir=\"ltr\" data-wpcf7-id=\"183\">\n<div class=\"screen-reader-response\"><p role=\"status\" aria-live=\"polite\" aria-atomic=\"true\"><\/p> <ul><\/ul><\/div>\n<form action=\"\/cs\/wp-json\/wp\/v2\/pages\/178#wpcf7-f183-o1\" method=\"post\" class=\"wpcf7-form init\" aria-label=\"Kontaktn\u00ed formul\u00e1\u0159\" novalidate=\"novalidate\" data-status=\"init\">\n<fieldset class=\"hidden-fields-container\"><input type=\"hidden\" name=\"_wpcf7\" value=\"183\" \/><input type=\"hidden\" name=\"_wpcf7_version\" value=\"6.1\" \/><input type=\"hidden\" name=\"_wpcf7_locale\" value=\"cs_CZ\" \/><input type=\"hidden\" name=\"_wpcf7_unit_tag\" value=\"wpcf7-f183-o1\" \/><input type=\"hidden\" name=\"_wpcf7_container_post\" value=\"0\" \/><input type=\"hidden\" name=\"_wpcf7_posted_data_hash\" value=\"\" \/><input type=\"hidden\" name=\"_wpcf7_recaptcha_response\" value=\"\" \/>\n<\/fieldset>\n<div class=\"row\" id=\"inv-cz\">\n\t<div class=\"col-12\">\n\t\t<div class=\"form-group\">\n\t\t\t<p><span class=\"wpcf7-form-control-wrap\" data-name=\"fullname\"><input size=\"40\" maxlength=\"400\" class=\"wpcf7-form-control wpcf7-text wpcf7-validates-as-required form-control\" aria-required=\"true\" aria-invalid=\"false\" placeholder=\"VA\u0160E JM\u00c9NO\" value=\"\" type=\"text\" name=\"fullname\" \/><\/span>\n\t\t\t<\/p>\n\t\t<\/div>\n\t\t<div class=\"form-group\">\n\t\t\t<p><span class=\"wpcf7-form-control-wrap\" data-name=\"subject\"><input size=\"40\" maxlength=\"400\" class=\"wpcf7-form-control wpcf7-text wpcf7-validates-as-required form-control\" aria-required=\"true\" aria-invalid=\"false\" placeholder=\"E-MAIL\" value=\"\" type=\"text\" name=\"subject\" \/><\/span>\n\t\t\t<\/p>\n\t\t<\/div>\n\t\t<div class=\"form-group\">\n\t\t\t<p><span class=\"wpcf7-form-control-wrap\" data-name=\"phone\"><input size=\"40\" maxlength=\"400\" class=\"wpcf7-form-control wpcf7-text form-control\" aria-invalid=\"false\" placeholder=\"TELEFON\" value=\"\" type=\"text\" name=\"phone\" \/><\/span>\n\t\t\t<\/p>\n\t\t<\/div>\n\t\t<div class=\"form-group\">\n\t\t\t<p><span class=\"wpcf7-form-control-wrap\" data-name=\"message\"><textarea cols=\"40\" rows=\"1\" maxlength=\"2000\" class=\"wpcf7-form-control wpcf7-textarea form-control\" aria-invalid=\"false\" placeholder=\"VA\u0160E ZPR\u00c1VA\" name=\"message\"><\/textarea><\/span>\n\t\t\t<\/p>\n\t\t<\/div>\n\t<\/div>\n\t<div class=\"col-12 col-md-6\">\n\t\t<div class=\"custom-control custom-checkbox\">\n\t\t\t<p><span class=\"wpcf7-form-control-wrap\" data-name=\"privacy-policy\"><span class=\"wpcf7-form-control wpcf7-acceptance\"><span class=\"wpcf7-list-item\"><label><input type=\"checkbox\" name=\"privacy-policy\" value=\"1\" class=\"custom-control-input\" id=\"entrepreneurs-frm-privacy-policy\" aria-invalid=\"false\" \/><span class=\"wpcf7-list-item-label\"><label class=\"custom-control-label\" for=\"entrepreneurs-frm-privacy-policy\">Souhlas\u00edm se <a href=\"\/privacy-policy\">Z\u00e1sadami ochrany soukrom\u00ed<\/a>\n                <\/label><\/span><\/label><\/span><\/span><\/span>\n\t\t\t<\/p>\n\t\t<\/div>\n\t<\/div>\n\t<div class=\"col-12 col-md-6\">\n\t\t<div class=\"float-right\">\n\t\t\n\t\t<\/div>\n\t<\/div>\n\t<div class=\"col-12\">\n\t\t<p><input class=\"wpcf7-form-control wpcf7-submit has-spinner btn btn-outline-dark btn-lg rounded-0 float-right\" type=\"submit\" value=\"ODESLAT\" \/>\n\t\t<\/p>\n\t<\/div>\n<\/div><div class=\"wpcf7-response-output\" aria-hidden=\"true\"><\/div>\n<\/form>\n<\/div>\n[\/vc_column][\/vc_row]<\/p>\n<\/div>","protected":false},"excerpt":{"rendered":"<p>[vc_row full_width=&#8220;stretch_row_content&#8220; full_height=&#8220;yes&#8220; equal_height=&#8220;yes&#8220; content_placement=&#8220;middle&#8220; css=&#8220;.vc_custom_1527671782879{background-image: url(http:\/\/www.pj-capital.cz\/wp-content\/uploads\/2018\/05\/We_ll_take_you_to_the_next.jpg?id=55) !important;background-position: center !important;background-repeat: no-repeat !important;background-size: cover !important;}&#8220;][vc_column offset=&#8220;vc_col-lg-offset-1 vc_col-lg-3 vc_col-md-12 vc_col-xs-12&#8243;][vc_custom_heading text=&#8220;PRO INVESTORY&#8220; font_container=&#8220;tag:p|text_align:left|color:%23ec6022&#8243; use_theme_fonts=&#8220;yes&#8220;][vc_custom_heading text=&#8220;Promluvme si&#8220; font_container=&#8220;tag:h1|text_align:left&#8220; use_theme_fonts=&#8220;yes&#8220;][vc_separator color=&#8220;black&#8220; align=&#8220;align_left&#8220; border_width=&#8220;2&#8243; el_width=&#8220;10&#8243;][vc_column_text]Pokud se chcete st\u00e1t spoluinvestorem na\u0161ich projekt\u016f, nev\u00e1hejte a sjednejte si s n\u00e1mi sch\u016fzku pomoc\u00ed tohoto formul\u00e1\u0159e. Pokud jste podnikatelem hledaj\u00edc\u00edm investici pro sv\u016fj projekt, vyu\u017eijte [&hellip;]<\/p>\n","protected":false},"author":1,"featured_media":0,"parent":0,"menu_order":0,"comment_status":"closed","ping_status":"closed","template":"","meta":{"footnotes":""},"class_list":["post-178","page","type-page","status-publish","hentry"],"yoast_head":"<!-- This site is optimized with the Yoast SEO plugin v25.5 - https:\/\/yoast.com\/wordpress\/plugins\/seo\/ -->\n<title>Kontakt pro investory - PJ Capital<\/title>\n<meta name=\"robots\" content=\"index, follow, max-snippet:-1, max-image-preview:large, max-video-preview:-1\" \/>\n<link rel=\"canonical\" href=\"https:\/\/www.pj-capital.cz\/contact-us-quickly\/\" \/>\n<meta property=\"og:locale\" content=\"cs_CZ\" \/>\n<meta property=\"og:type\" content=\"article\" \/>\n<meta property=\"og:title\" content=\"Kontakt pro investory - PJ Capital\" \/>\n<meta property=\"og:description\" content=\"[vc_row full_width=&#8220;stretch_row_content&#8220; full_height=&#8220;yes&#8220; equal_height=&#8220;yes&#8220; content_placement=&#8220;middle&#8220; css=&#8220;.vc_custom_1527671782879{background-image: url(http:\/\/www.pj-capital.cz\/wp-content\/uploads\/2018\/05\/We_ll_take_you_to_the_next.jpg?id=55) !important;background-position: center !important;background-repeat: no-repeat !important;background-size: cover !important;}&#8220;][vc_column offset=&#8220;vc_col-lg-offset-1 vc_col-lg-3 vc_col-md-12 vc_col-xs-12&#8243;][vc_custom_heading text=&#8220;PRO INVESTORY&#8220; font_container=&#8220;tag:p|text_align:left|color:%23ec6022&#8243; use_theme_fonts=&#8220;yes&#8220;][vc_custom_heading text=&#8220;Promluvme si&#8220; font_container=&#8220;tag:h1|text_align:left&#8220; use_theme_fonts=&#8220;yes&#8220;][vc_separator color=&#8220;black&#8220; align=&#8220;align_left&#8220; border_width=&#8220;2&#8243; el_width=&#8220;10&#8243;][vc_column_text]Pokud se chcete st\u00e1t spoluinvestorem na\u0161ich projekt\u016f, nev\u00e1hejte a sjednejte si s n\u00e1mi sch\u016fzku pomoc\u00ed tohoto formul\u00e1\u0159e. Pokud jste podnikatelem hledaj\u00edc\u00edm investici pro sv\u016fj projekt, vyu\u017eijte [&hellip;]\" \/>\n<meta property=\"og:url\" content=\"https:\/\/www.pj-capital.cz\/contact-us-quickly\/\" \/>\n<meta property=\"og:site_name\" content=\"PJ Capital\" \/>\n<meta property=\"article:modified_time\" content=\"2018-05-31T14:22:50+00:00\" \/>\n<meta name=\"twitter:card\" content=\"summary_large_image\" \/>\n<meta name=\"twitter:label1\" content=\"Odhadovan\u00e1 doba \u010dten\u00ed\" \/>\n\t<meta name=\"twitter:data1\" content=\"1 minuta\" \/>\n<script type=\"application\/ld+json\" class=\"yoast-schema-graph\">{\"@context\":\"https:\/\/schema.org\",\"@graph\":[{\"@type\":\"WebPage\",\"@id\":\"https:\/\/www.pj-capital.cz\/contact-us-quickly\/\",\"url\":\"https:\/\/www.pj-capital.cz\/contact-us-quickly\/\",\"name\":\"Kontakt pro investory - PJ Capital\",\"isPartOf\":{\"@id\":\"https:\/\/www.pj-capital.cz\/#website\"},\"datePublished\":\"2018-05-26T18:32:42+00:00\",\"dateModified\":\"2018-05-31T14:22:50+00:00\",\"breadcrumb\":{\"@id\":\"https:\/\/www.pj-capital.cz\/contact-us-quickly\/#breadcrumb\"},\"inLanguage\":\"cs\",\"potentialAction\":[{\"@type\":\"ReadAction\",\"target\":[\"https:\/\/www.pj-capital.cz\/contact-us-quickly\/\"]}]},{\"@type\":\"BreadcrumbList\",\"@id\":\"https:\/\/www.pj-capital.cz\/contact-us-quickly\/#breadcrumb\",\"itemListElement\":[{\"@type\":\"ListItem\",\"position\":1,\"name\":\"Dom\u016f\",\"item\":\"https:\/\/www.pj-capital.cz\/cs\/\"},{\"@type\":\"ListItem\",\"position\":2,\"name\":\"Kontakt pro investory\"}]},{\"@type\":\"WebSite\",\"@id\":\"https:\/\/www.pj-capital.cz\/#website\",\"url\":\"https:\/\/www.pj-capital.cz\/\",\"name\":\"PJ Capital\",\"description\":\"\",\"publisher\":{\"@id\":\"https:\/\/www.pj-capital.cz\/#organization\"},\"potentialAction\":[{\"@type\":\"SearchAction\",\"target\":{\"@type\":\"EntryPoint\",\"urlTemplate\":\"https:\/\/www.pj-capital.cz\/?s={search_term_string}\"},\"query-input\":{\"@type\":\"PropertyValueSpecification\",\"valueRequired\":true,\"valueName\":\"search_term_string\"}}],\"inLanguage\":\"cs\"},{\"@type\":\"Organization\",\"@id\":\"https:\/\/www.pj-capital.cz\/#organization\",\"name\":\"PJ Capital\",\"url\":\"https:\/\/www.pj-capital.cz\/\",\"logo\":{\"@type\":\"ImageObject\",\"inLanguage\":\"cs\",\"@id\":\"https:\/\/www.pj-capital.cz\/#\/schema\/logo\/image\/\",\"url\":\"https:\/\/www.pj-capital.cz\/wp-content\/uploads\/2018\/05\/cropped-PJCapital_transparent300x212-1.png\",\"contentUrl\":\"https:\/\/www.pj-capital.cz\/wp-content\/uploads\/2018\/05\/cropped-PJCapital_transparent300x212-1.png\",\"width\":84,\"height\":60,\"caption\":\"PJ Capital\"},\"image\":{\"@id\":\"https:\/\/www.pj-capital.cz\/#\/schema\/logo\/image\/\"}}]}<\/script>\n<!-- \/ Yoast SEO plugin. -->","yoast_head_json":{"title":"Kontakt pro investory - PJ Capital","robots":{"index":"index","follow":"follow","max-snippet":"max-snippet:-1","max-image-preview":"max-image-preview:large","max-video-preview":"max-video-preview:-1"},"canonical":"https:\/\/www.pj-capital.cz\/contact-us-quickly\/","og_locale":"cs_CZ","og_type":"article","og_title":"Kontakt pro investory - PJ Capital","og_description":"[vc_row full_width=&#8220;stretch_row_content&#8220; full_height=&#8220;yes&#8220; equal_height=&#8220;yes&#8220; content_placement=&#8220;middle&#8220; css=&#8220;.vc_custom_1527671782879{background-image: url(http:\/\/www.pj-capital.cz\/wp-content\/uploads\/2018\/05\/We_ll_take_you_to_the_next.jpg?id=55) !important;background-position: center !important;background-repeat: no-repeat !important;background-size: cover !important;}&#8220;][vc_column offset=&#8220;vc_col-lg-offset-1 vc_col-lg-3 vc_col-md-12 vc_col-xs-12&#8243;][vc_custom_heading text=&#8220;PRO INVESTORY&#8220; font_container=&#8220;tag:p|text_align:left|color:%23ec6022&#8243; use_theme_fonts=&#8220;yes&#8220;][vc_custom_heading text=&#8220;Promluvme si&#8220; font_container=&#8220;tag:h1|text_align:left&#8220; use_theme_fonts=&#8220;yes&#8220;][vc_separator color=&#8220;black&#8220; align=&#8220;align_left&#8220; border_width=&#8220;2&#8243; el_width=&#8220;10&#8243;][vc_column_text]Pokud se chcete st\u00e1t spoluinvestorem na\u0161ich projekt\u016f, nev\u00e1hejte a sjednejte si s n\u00e1mi sch\u016fzku pomoc\u00ed tohoto formul\u00e1\u0159e. Pokud jste podnikatelem hledaj\u00edc\u00edm investici pro sv\u016fj projekt, vyu\u017eijte [&hellip;]","og_url":"https:\/\/www.pj-capital.cz\/contact-us-quickly\/","og_site_name":"PJ Capital","article_modified_time":"2018-05-31T14:22:50+00:00","twitter_card":"summary_large_image","twitter_misc":{"Odhadovan\u00e1 doba \u010dten\u00ed":"1 minuta"},"schema":{"@context":"https:\/\/schema.org","@graph":[{"@type":"WebPage","@id":"https:\/\/www.pj-capital.cz\/contact-us-quickly\/","url":"https:\/\/www.pj-capital.cz\/contact-us-quickly\/","name":"Kontakt pro investory - PJ Capital","isPartOf":{"@id":"https:\/\/www.pj-capital.cz\/#website"},"datePublished":"2018-05-26T18:32:42+00:00","dateModified":"2018-05-31T14:22:50+00:00","breadcrumb":{"@id":"https:\/\/www.pj-capital.cz\/contact-us-quickly\/#breadcrumb"},"inLanguage":"cs","potentialAction":[{"@type":"ReadAction","target":["https:\/\/www.pj-capital.cz\/contact-us-quickly\/"]}]},{"@type":"BreadcrumbList","@id":"https:\/\/www.pj-capital.cz\/contact-us-quickly\/#breadcrumb","itemListElement":[{"@type":"ListItem","position":1,"name":"Dom\u016f","item":"https:\/\/www.pj-capital.cz\/cs\/"},{"@type":"ListItem","position":2,"name":"Kontakt pro investory"}]},{"@type":"WebSite","@id":"https:\/\/www.pj-capital.cz\/#website","url":"https:\/\/www.pj-capital.cz\/","name":"PJ Capital","description":"","publisher":{"@id":"https:\/\/www.pj-capital.cz\/#organization"},"potentialAction":[{"@type":"SearchAction","target":{"@type":"EntryPoint","urlTemplate":"https:\/\/www.pj-capital.cz\/?s={search_term_string}"},"query-input":{"@type":"PropertyValueSpecification","valueRequired":true,"valueName":"search_term_string"}}],"inLanguage":"cs"},{"@type":"Organization","@id":"https:\/\/www.pj-capital.cz\/#organization","name":"PJ Capital","url":"https:\/\/www.pj-capital.cz\/","logo":{"@type":"ImageObject","inLanguage":"cs","@id":"https:\/\/www.pj-capital.cz\/#\/schema\/logo\/image\/","url":"https:\/\/www.pj-capital.cz\/wp-content\/uploads\/2018\/05\/cropped-PJCapital_transparent300x212-1.png","contentUrl":"https:\/\/www.pj-capital.cz\/wp-content\/uploads\/2018\/05\/cropped-PJCapital_transparent300x212-1.png","width":84,"height":60,"caption":"PJ Capital"},"image":{"@id":"https:\/\/www.pj-capital.cz\/#\/schema\/logo\/image\/"}}]}},"_links":{"self":[{"href":"https:\/\/www.pj-capital.cz\/cs\/wp-json\/wp\/v2\/pages\/178","targetHints":{"allow":["GET"]}}],"collection":[{"href":"https:\/\/www.pj-capital.cz\/cs\/wp-json\/wp\/v2\/pages"}],"about":[{"href":"https:\/\/www.pj-capital.cz\/cs\/wp-json\/wp\/v2\/types\/page"}],"author":[{"embeddable":true,"href":"https:\/\/www.pj-capital.cz\/cs\/wp-json\/wp\/v2\/users\/1"}],"replies":[{"embeddable":true,"href":"https:\/\/www.pj-capital.cz\/cs\/wp-json\/wp\/v2\/comments?post=178"}],"version-history":[{"count":6,"href":"https:\/\/www.pj-capital.cz\/cs\/wp-json\/wp\/v2\/pages\/178\/revisions"}],"predecessor-version":[{"id":343,"href":"https:\/\/www.pj-capital.cz\/cs\/wp-json\/wp\/v2\/pages\/178\/revisions\/343"}],"wp:attachment":[{"href":"https:\/\/www.pj-capital.cz\/cs\/wp-json\/wp\/v2\/media?parent=178"}],"curies":[{"name":"wp","href":"https:\/\/api.w.org\/{rel}","templated":true}]}}