{"id":186,"date":"2018-05-26T20:43:52","date_gmt":"2018-05-26T18:43:52","guid":{"rendered":"http:\/\/www.pj-capital.cz\/?page_id=186"},"modified":"2018-06-15T08:56:07","modified_gmt":"2018-06-15T06:56:07","slug":"zasady-ochrany-soukromi","status":"publish","type":"page","link":"https:\/\/www.pj-capital.cz\/cs\/zasady-ochrany-soukromi\/","title":{"rendered":"Z\u00e1sady ochrany soukrom\u00ed"},"content":{"rendered":"<div class=\"wpb-content-wrapper\"><p>[vc_row][vc_column][vc_custom_heading text=&#8220;Z\u00e1sady ochrany soukrom\u00ed&#8220; font_container=&#8220;tag:h1|text_align:left&#8220; use_theme_fonts=&#8220;yes&#8220;][vc_custom_heading text=&#8220;Informace ke zpracov\u00e1n\u00ed osobn\u00edch dat&#8220; font_container=&#8220;tag:h3|text_align:left&#8220; use_theme_fonts=&#8220;yes&#8220;][vc_column_text]P&amp;J Capital s.r.o., I\u010c: 28866240, se s\u00eddlem Praha 1 &#8211; Mal\u00e1 Strana, Hellichova 458\/1, PS\u010c 11800, db\u00e1 na ochranu osobn\u00edch \u00fadaj\u016f, kter\u00e9 n\u00e1m p\u0159ed\u00e1v\u00e1te. Je d\u016fle\u017eit\u00e9, abyste v\u011bd\u011bli, \u017ee osobn\u00ed \u00fadaje, kter\u00e9 n\u00e1m poskytujete, zpracov\u00e1v\u00e1me zodpov\u011bdn\u011b, transparentn\u011b a v\u00a0souladu s Na\u0159\u00edzen\u00edm Evropsk\u00e9ho parlamentu a Rady (EU) 2016\/679. M\u00e1te n\u00e1rok po\u017e\u00e1dat o informace o evidovan\u00fdch osobn\u00edch \u00fadaj\u00edch, jejich opravu, \u010di v\u00fdmaz, pokud jsou ud\u011bleny na z\u00e1klad\u011b V\u00e1mi ud\u011blen\u00e9ho souhlasu. Pokud doch\u00e1z\u00ed k automatizovan\u00e9mu zpracov\u00e1n\u00ed, m\u00e1te pr\u00e1vo na p\u0159enositelnost \u00fadaj\u016f a neb\u00fdt p\u0159edm\u011btem rozhodnut\u00ed zalo\u017een\u00e9ho v\u00fdhradn\u011b na tomto rozhodov\u00e1n\u00ed.\u00a0 V\u00a0p\u0159\u00edpad\u011b jak\u00fdchkoli dotaz\u016f a \u017e\u00e1dost\u00ed t\u00fdkaj\u00edc\u00edch se zpracov\u00e1n\u00ed Va\u0161ich osobn\u00edch \u00fadaj\u016f se na n\u00e1s m\u016f\u017eete obr\u00e1tit p\u00edsemn\u011b na adrese s\u00eddla spole\u010dnosti.[\/vc_column_text][vc_custom_heading text=&#8220;Zabezpe\u010den\u00ed Va\u0161ich osobn\u00edch dat&#8220; font_container=&#8220;tag:h3|text_align:left&#8220; use_theme_fonts=&#8220;yes&#8220;][vc_column_text]P&amp;J Capital s.r.o., db\u00e1 na bezpe\u010dnost osobn\u00edch dat, kter\u00e9 n\u00e1m p\u0159ed\u00e1v\u00e1te. P\u0159ijali jsme vhodn\u00e1 technick\u00e1 a organiza\u010dn\u00ed opat\u0159en\u00ed, abychom Va\u0161e data dostate\u010dn\u011b chr\u00e1nili s\u00a0ohledem na z\u00e1va\u017enost jejich zpracov\u00e1n\u00ed. K\u00a0Va\u0161im osobn\u00edm \u00fadaj\u016fm, kter\u00e9 jsme od V\u00e1s z\u00edskali, nem\u00e1 p\u0159\u00edstup \u017e\u00e1dn\u00e1 neopr\u00e1vn\u011bn\u00e1 osoba a nep\u0159ed\u00e1v\u00e1me je bez Va\u0161eho souhlasu dal\u0161\u00edm subjekt\u016fm pro dal\u0161\u00ed zpracov\u00e1n\u00ed, pokud to nevy\u017eaduje z\u00e1kon, nebo v\u00a0p\u0159\u00edpad\u011b ochrany na\u0161ich pr\u00e1vn\u00edch z\u00e1jm\u016f.[\/vc_column_text][vc_custom_heading text=&#8220;Pr\u00e1vo na informace&#8220; font_container=&#8220;tag:h3|text_align:left&#8220; use_theme_fonts=&#8220;yes&#8220;][vc_column_text]Va\u0161\u00edm pr\u00e1vem je po\u017e\u00e1dat P&amp;J Capital s.r.o., o informace, jak\u00e9 osobn\u00ed \u00fadaje a v jak\u00e9m rozsahu a pro jak\u00fd \u00fa\u010del o V\u00e1s zpracov\u00e1v\u00e1me. Tyto informace V\u00e1m poskytneme zdarma ve lh\u016ft\u011b nejpozd\u011bji 30 dn\u016f, v mimo\u0159\u00e1dn\u00fdch situac\u00edch pak nejpozd\u011bji ve lh\u016ft\u011b 90 dn\u016f. O prodlou\u017een\u00ed lh\u016fty v\u00a0mimo\u0159\u00e1dn\u00fdch p\u0159\u00edpadech V\u00e1s budeme v\u010das informovat. Pokud budete po\u017eadovat sd\u011blen\u00ed informac\u00ed, kter\u00e9 o V\u00e1s evidujeme, budeme nejprve pot\u0159ebovat ov\u011b\u0159it, \u017ee jste skute\u010dn\u011b osoba, kter\u00e9 n\u00e1le\u017e\u00ed tato informace. Ve Va\u0161\u00ed \u017e\u00e1dosti tedy uve\u010fte dostate\u010dnou identifikaci Va\u0161\u00ed osoby. V p\u0159\u00edpad\u011b pot\u0159eby m\u00e1me pr\u00e1vo vy\u017e\u00e1dat si dopl\u0148uj\u00edc\u00ed informace k Va\u0161\u00ed identifikaci, ne\u017e V\u00e1m poskytneme osobn\u00ed \u00fadaje, kter\u00e9 zpracov\u00e1v\u00e1me k\u00a0Va\u0161\u00ed osob\u011b.<\/p>\n<p>Na\u0161\u00edm pr\u00e1vem pak je od\u016fvodn\u011bn\u011b zam\u00edtnout po\u017eadavky na informace, kter\u00e9 jsou bezd\u016fvodn\u00e9, \u010di se nep\u0159im\u011b\u0159en\u011b opakuj\u00ed, p\u0159\u00edpadn\u011b jejich z\u00edsk\u00e1n\u00ed vy\u017eaduje nep\u0159im\u011b\u0159en\u00e9 \u00fasil\u00ed, nebo by byly obt\u00ed\u017en\u011b z\u00edskateln\u00e9 (typicky ze z\u00e1lo\u017en\u00edch syst\u00e9m\u016f, archiv\u00e1li\u00ed apod.).[\/vc_column_text][vc_custom_heading text=&#8220;Pr\u00e1vo na p\u0159enositelnost \u00fadaj\u016f&#8220; font_container=&#8220;tag:h3|text_align:left&#8220; use_theme_fonts=&#8220;yes&#8220;][vc_column_text]M\u00e1te pr\u00e1vo z\u00edskat osobn\u00ed \u00fadaje, kter\u00e9 o v\u00e1s evidujeme, ve strukturovan\u00e9m, b\u011b\u017en\u011b pou\u017e\u00edvan\u00e9m a strojov\u011b \u010diteln\u00e9m form\u00e1tu. Na z\u00e1klad\u011b va\u0161\u00ed \u017e\u00e1dosti mohou b\u00fdt tato data p\u0159ed\u00e1na jin\u00e9mu spr\u00e1vci.[\/vc_column_text][vc_custom_heading text=&#8220;Aktualizace \u00fadaj\u016f, pr\u00e1vo na opravu&#8220; font_container=&#8220;tag:h3|text_align:left&#8220; use_theme_fonts=&#8220;yes&#8220;][vc_column_text]Jeliko\u017e se mohou osobn\u00ed \u00fadaje v pr\u016fb\u011bhu \u010dasu m\u011bnit (nap\u0159\u00edklad zm\u011bna p\u0159\u00edjmen\u00ed), budeme r\u00e1di, pokud n\u00e1s informujete, \u017ee u V\u00e1s nastala n\u011bjak\u00e1 zm\u011bna, tak abychom Va\u0161e osobn\u00ed \u00fadaje m\u011bli aktu\u00e1ln\u00ed a nedoch\u00e1zelo k p\u0159\u00edpadn\u00fdm omyl\u016fm.\u00a0\u00a0 Pod\u00e1n\u00ed informace o zm\u011bn\u011b \u00fadaj\u016f je nezbytn\u011b nutn\u00e9 pro to, abychom mohli \u0159\u00e1dn\u011b vykon\u00e1vat svoji \u010dinnost Spr\u00e1vce.<\/p>\n<p>S t\u00edm souvis\u00ed i Va\u0161e pr\u00e1vo na opravu osobn\u00edch \u00fadaj\u016f, kter\u00e9 o V\u00e1s evidujeme. Pokud zjist\u00edte, \u017ee na\u0161e \u00fadaje ji\u017e nejsou aktu\u00e1ln\u00ed, m\u00e1te pr\u00e1vo po\u017eadovat jejich opravu.[\/vc_column_text][vc_custom_heading text=&#8220;N\u00e1mitky&#8220; font_container=&#8220;tag:h3|text_align:left&#8220; use_theme_fonts=&#8220;yes&#8220;][vc_column_text]Pokud se domn\u00edv\u00e1te, \u017ee Va\u0161e osobn\u00ed \u00fadaje nezpracov\u00e1v\u00e1me v souladu s\u00a0platnou legislativou \u010cR a Unie, m\u00e1te pr\u00e1vo vzn\u00e9st n\u00e1mitku a my n\u00e1sledn\u011b prov\u011b\u0159\u00edme opr\u00e1vn\u011bnost Va\u0161eho po\u017eadavku. V\u00a0okam\u017eiku pod\u00e1n\u00ed n\u00e1mitky, bude zpracov\u00e1n\u00ed va\u0161ich osobn\u00edch \u00fadaj\u016f omezeno, dokud nebude ov\u011b\u0159eno, zda je n\u00e1mitka opr\u00e1vn\u011bn\u00e1. Informujeme V\u00e1s, \u017ee Va\u0161\u00edm pr\u00e1vem je obr\u00e1tit se tak\u00e9 s n\u00e1mitkou proti zpracov\u00e1van\u00fdm osobn\u00edm \u00fadaj\u016fm, kter\u00e9 o V\u00e1s zpracov\u00e1v\u00e1me na p\u0159\u00edslu\u0161n\u00fd dozorov\u00fd \u00fa\u0159ad na Ochranu Osobn\u00edch \u00dadaj\u016f na adrese:<\/p>\n<p><strong>\u00da\u0159ad pro ochranu osobn\u00edch \u00fadaj\u016f<br \/>\nPplk. Sochora 27<br \/>\n170 00 Praha 7<\/strong>[\/vc_column_text][vc_custom_heading text=&#8220;Pr\u00e1vo na omezen\u00ed zpracov\u00e1n\u00ed &#8220; font_container=&#8220;tag:h3|text_align:left&#8220; use_theme_fonts=&#8220;yes&#8220;][vc_column_text]M\u00e1te pr\u00e1vo na omezen\u00ed zpracov\u00e1n\u00ed va\u0161ich osobn\u00edch \u00fadaj\u016f, v\u00a0p\u0159\u00edpad\u011b, \u017ee se domn\u00edv\u00e1te, \u017ee takto evidovan\u00e9 nejsou p\u0159esn\u00e9, p\u0159\u00edpadn\u011b je zpracov\u00e1v\u00e1me protipr\u00e1vn\u011b a d\u00e1le pokud se domn\u00edv\u00e1te, \u017ee tyto \u00fadaje ji\u017e nepot\u0159ebujeme pro \u00fa\u010dely jejich zpracov\u00e1n\u00ed.[\/vc_column_text][vc_custom_heading text=&#8220;Pr\u00e1vo na v\u00fdmaz&#8220; font_container=&#8220;tag:h3|text_align:left&#8220; use_theme_fonts=&#8220;yes&#8220;][vc_column_text]Pokud jste n\u00e1m n\u011bkdy ud\u011blili souhlas se zpracov\u00e1n\u00edm sv\u00fdch osobn\u00edch \u00fadaj\u016f (nap\u0159\u00edklad emailov\u00e1 adresa v r\u00e1mci zas\u00edlan\u00e9ho obchodn\u00edho sd\u011blen\u00ed), m\u00e1te pr\u00e1vo jej kdykoli odvolat a my \u00fadaje, kter\u00e9 zpracov\u00e1v\u00e1me v\u00fdhradn\u011b na z\u00e1klad\u011b Va\u0161eho souhlasu, m\u00e1me povinnost vymazat. Pr\u00e1vo na v\u00fdmaz se nevztahuje na zpracov\u00e1van\u00e9 \u00fadaje v r\u00e1mci povinnosti pln\u011bn\u00ed smlouvy, z\u00e1konn\u00fdch d\u016fvod\u016f, \u010di opr\u00e1vn\u011bn\u00fdch z\u00e1jm\u016f. Pokud jsou n\u011bkter\u00e1 Va\u0161e data uchov\u00e1v\u00e1na v\u00a0z\u00e1lo\u017en\u00edch syst\u00e9mech, kter\u00e9 automatizovan\u011b zaji\u0161\u0165uj\u00ed odolnost v\u0161ech na\u0161ich syst\u00e9m\u016f a pln\u00ed funkci ochrany ztr\u00e1ty dat pro p\u0159\u00edpady hav\u00e1ri\u00ed, nen\u00ed v\u00a0na\u0161ich sil\u00e1ch vymazat tyto data i ze z\u00e1lo\u017en\u00edch syst\u00e9m\u016f a nez\u0159\u00eddka to nen\u00ed ani technicky provediteln\u00e9. Nicm\u00e9n\u011b tyto data nejsou d\u00e1le nijak aktivn\u011b zpracov\u00e1v\u00e1na a nebudou slou\u017eit k\u00a0dal\u0161\u00edm \u00fa\u010del\u016fm zpracov\u00e1n\u00ed.[\/vc_column_text][vc_custom_heading text=&#8220;Kam se m\u016f\u017eete obr\u00e1tit&#8220; font_container=&#8220;tag:h3|text_align:left&#8220; use_theme_fonts=&#8220;yes&#8220;][vc_column_text]Se sv\u00fdmi dotazy na ochranu osobn\u00edch \u00fadaj\u016f se m\u016f\u017eete tak\u00e9 obracet na e-mail: info@pj-capital.cz nebo na s\u00eddlo na\u0161\u00ed spole\u010dnosti:<\/p>\n<p>P&amp;J Capital s.r.o.<br \/>\nPraha 1 &#8211; Mal\u00e1 Strana<br \/>\nHellichova 458\/1<br \/>\nPS\u010c 11800[\/vc_column_text][vc_custom_heading text=&#8220;Webov\u00e9 str\u00e1nky &#8211; soubory protokol\u016f &#8220; font_container=&#8220;tag:h3|text_align:left&#8220; use_theme_fonts=&#8220;yes&#8220;][vc_column_text]Pokud p\u0159istoup\u00edte na na\u0161e webov\u00e9 str\u00e1nky a prohl\u00ed\u017e\u00edte si je, zpracov\u00e1v\u00e1me n\u00e1sleduj\u00edc\u00ed protokolov\u00e9 soubory a ukl\u00e1d\u00e1me je na na\u0161ich serverech. Mezi informace, kter\u00e9 ukl\u00e1d\u00e1me, pat\u0159\u00ed:<\/p>\n<ul>\n<li>Va\u0161e IP Adresa<\/li>\n<li>Otev\u00edran\u00e1 str\u00e1nka na\u0161eho webu<\/li>\n<li>K\u00f3d odpov\u011bdi http<\/li>\n<li>Identifikace Va\u0161eho prohl\u00ed\u017ee\u010de<\/li>\n<\/ul>\n<p>Tyto informace zpracov\u00e1v\u00e1me po dobu maxim\u00e1ln\u011b jednoho roku a pouze pro \u00fa\u010dely na\u0161\u00ed pr\u00e1vn\u00ed ochrany.[\/vc_column_text][vc_custom_heading text=&#8220;Soubory cookie&#8220; font_container=&#8220;tag:h3|text_align:left&#8220; use_theme_fonts=&#8220;yes&#8220;][vc_column_text]Kdy\u017e nav\u0161t\u00edv\u00edte na\u0161e webov\u00e9 str\u00e1nky, jste informov\u00e1ni, \u017ee vyu\u017e\u00edv\u00e1me technologie ke shroma\u017e\u010fov\u00e1n\u00ed a ukl\u00e1d\u00e1n\u00ed informac\u00ed pomoc\u00ed soubor\u016f cookie do Va\u0161eho za\u0159\u00edzen\u00ed. Soubory cookie jsou mal\u00e9 textov\u00e9 soubory, kter\u00e9 nikam neodes\u00edl\u00e1me, tyto soubory m\u016f\u017eete z\u00a0prohl\u00ed\u017ee\u010de odstranit, nebo jejich vyu\u017eit\u00ed zak\u00e1zat \u00fapln\u011b. Soubory cookie neshroma\u017e\u010fuj\u00ed \u017e\u00e1dn\u00e9 Va\u0161e osobn\u00ed \u00fadaje, bez t\u011bchto soubor\u016f v\u0161ak nedok\u00e1\u017eeme zajistit plnohodnotnou funk\u010dnost webov\u00fdch str\u00e1nek.[\/vc_column_text][vc_custom_heading text=&#8220;Anal\u00fdza a statistiky&#8220; font_container=&#8220;tag:h3|text_align:left&#8220; use_theme_fonts=&#8220;yes&#8220;][vc_column_text]Webov\u00e9 str\u00e1nky monitorujeme a analyzujeme pomoc\u00ed analytick\u00fdch slu\u017eeb. \u017d\u00e1dn\u00e9 z\u00a0\u00fadaj\u016f, kter\u00e9 pomoc\u00ed t\u00e9to slu\u017eby analyzujeme, nejsou Va\u0161imi osobn\u00edmi \u00fadaji. Pomoc\u00ed t\u00e9to slu\u017eby zji\u0161\u0165ujeme n\u00e1v\u0161t\u011bvnost a geografick\u00e9 \u00fadaje, informace o prohl\u00ed\u017ee\u010di a opera\u010dn\u00edho syst\u00e9mu, ze kter\u00e9ho na na\u0161e webov\u00e9 str\u00e1nky p\u0159istupujete. V\u0161echny tyto informace, vyu\u017e\u00edv\u00e1me pro marketingov\u00e9 \u00fa\u010dely, pro \u00fa\u010dely dal\u0161\u00edho zlep\u0161ov\u00e1n\u00ed webov\u00fdch str\u00e1nek a obsahu a tak\u00e9 pro \u00fa\u010dely pr\u00e1vn\u00ed ochrany.[\/vc_column_text][vc_custom_heading text=&#8220;Zas\u00edl\u00e1n\u00ed novinek na email&#8220; font_container=&#8220;tag:h3|text_align:left&#8220; use_theme_fonts=&#8220;yes&#8220;][vc_column_text]V p\u0159\u00edpad\u011b, \u017ee m\u00e1te z\u00e1jem od P&amp;J Capital s.r.o., dost\u00e1vat ak\u010dn\u00ed nab\u00eddky produkt\u016f prost\u0159ednictv\u00edm emailu, kter\u00fd n\u00e1m sd\u011bl\u00edte a ud\u011bl\u00edte souhlas s takov\u00fdm vyu\u017e\u00edv\u00e1n\u00edm Va\u0161\u00ed emailov\u00e9 adresy, budeme tento e-mail zpracov\u00e1vat v\u00fdhradn\u011b k t\u011bmto \u00fa\u010del\u016fm. P&amp;J Capital s.r.o., nep\u0159ed\u00e1v\u00e1 takto z\u00edskanou e-mailovou adresu \u017e\u00e1dn\u00fdm dal\u0161\u00edm subjekt\u016fm. V p\u0159\u00edpad\u011b, \u017ee se kdykoli v budoucnu rozhodnete, \u017ee ji\u017e od P&amp;J Capital s.r.o. nechcete dost\u00e1vat emaily pro tento \u00fa\u010del, m\u016f\u017eete odvolat sv\u016fj souhlas se zpracov\u00e1n\u00edm uveden\u00e9 e-mailov\u00e9 adresy emailem, nebo p\u00edsemn\u011b na adresu s\u00eddla spole\u010dnosti.[\/vc_column_text][vc_custom_heading text=&#8220;P\u0159ed\u00e1v\u00e1n\u00ed osobn\u00edch \u00fadaj\u016f do t\u0159et\u00edch zem\u00ed&#8220; font_container=&#8220;tag:h3|text_align:left&#8220; use_theme_fonts=&#8220;yes&#8220;][vc_column_text]K\u00a0p\u0159ed\u00e1v\u00e1n\u00ed osobn\u00edch \u00fadaj\u016f zpracovatel\u016fm nebo jin\u00fdm p\u0159\u00edjemc\u016fm ve t\u0159et\u00edch zem\u00edch nebo v mezin\u00e1rodn\u00edch organizac\u00edch nedoch\u00e1z\u00ed.[\/vc_column_text][\/vc_column][\/vc_row]<\/p>\n<\/div>","protected":false},"excerpt":{"rendered":"<p>[vc_row][vc_column][vc_custom_heading text=&#8220;Z\u00e1sady ochrany soukrom\u00ed&#8220; font_container=&#8220;tag:h1|text_align:left&#8220; use_theme_fonts=&#8220;yes&#8220;][vc_custom_heading text=&#8220;Informace ke zpracov\u00e1n\u00ed osobn\u00edch dat&#8220; font_container=&#8220;tag:h3|text_align:left&#8220; use_theme_fonts=&#8220;yes&#8220;][vc_column_text]P&amp;J Capital s.r.o., I\u010c: 28866240, se s\u00eddlem Praha 1 &#8211; Mal\u00e1 Strana, Hellichova 458\/1, PS\u010c 11800, db\u00e1 na ochranu osobn\u00edch \u00fadaj\u016f, kter\u00e9 n\u00e1m p\u0159ed\u00e1v\u00e1te. Je d\u016fle\u017eit\u00e9, abyste v\u011bd\u011bli, \u017ee osobn\u00ed \u00fadaje, kter\u00e9 n\u00e1m poskytujete, zpracov\u00e1v\u00e1me zodpov\u011bdn\u011b, transparentn\u011b a v\u00a0souladu s Na\u0159\u00edzen\u00edm Evropsk\u00e9ho parlamentu [&hellip;]<\/p>\n","protected":false},"author":1,"featured_media":0,"parent":0,"menu_order":0,"comment_status":"closed","ping_status":"closed","template":"","meta":{"footnotes":""},"class_list":["post-186","page","type-page","status-publish","hentry"],"yoast_head":"<!-- This site is optimized with the Yoast SEO plugin v25.5 - https:\/\/yoast.com\/wordpress\/plugins\/seo\/ -->\n<title>Z\u00e1sady ochrany soukrom\u00ed - PJ Capital<\/title>\n<meta name=\"robots\" content=\"index, follow, max-snippet:-1, max-image-preview:large, max-video-preview:-1\" \/>\n<link rel=\"canonical\" href=\"https:\/\/www.pj-capital.cz\/privacy-policy\/\" \/>\n<meta property=\"og:locale\" content=\"cs_CZ\" \/>\n<meta property=\"og:type\" content=\"article\" \/>\n<meta property=\"og:title\" content=\"Z\u00e1sady ochrany soukrom\u00ed - PJ Capital\" \/>\n<meta property=\"og:description\" content=\"[vc_row][vc_column][vc_custom_heading text=&#8220;Z\u00e1sady ochrany soukrom\u00ed&#8220; font_container=&#8220;tag:h1|text_align:left&#8220; use_theme_fonts=&#8220;yes&#8220;][vc_custom_heading text=&#8220;Informace ke zpracov\u00e1n\u00ed osobn\u00edch dat&#8220; font_container=&#8220;tag:h3|text_align:left&#8220; use_theme_fonts=&#8220;yes&#8220;][vc_column_text]P&amp;J Capital s.r.o., I\u010c: 28866240, se s\u00eddlem Praha 1 &#8211; Mal\u00e1 Strana, Hellichova 458\/1, PS\u010c 11800, db\u00e1 na ochranu osobn\u00edch \u00fadaj\u016f, kter\u00e9 n\u00e1m p\u0159ed\u00e1v\u00e1te. Je d\u016fle\u017eit\u00e9, abyste v\u011bd\u011bli, \u017ee osobn\u00ed \u00fadaje, kter\u00e9 n\u00e1m poskytujete, zpracov\u00e1v\u00e1me zodpov\u011bdn\u011b, transparentn\u011b a v\u00a0souladu s Na\u0159\u00edzen\u00edm Evropsk\u00e9ho parlamentu [&hellip;]\" \/>\n<meta property=\"og:url\" content=\"https:\/\/www.pj-capital.cz\/privacy-policy\/\" \/>\n<meta property=\"og:site_name\" content=\"PJ Capital\" \/>\n<meta property=\"article:modified_time\" content=\"2018-06-15T06:56:07+00:00\" \/>\n<meta name=\"twitter:card\" content=\"summary_large_image\" \/>\n<meta name=\"twitter:label1\" content=\"Odhadovan\u00e1 doba \u010dten\u00ed\" \/>\n\t<meta name=\"twitter:data1\" content=\"9 minut\" \/>\n<script type=\"application\/ld+json\" class=\"yoast-schema-graph\">{\"@context\":\"https:\/\/schema.org\",\"@graph\":[{\"@type\":\"WebPage\",\"@id\":\"https:\/\/www.pj-capital.cz\/privacy-policy\/\",\"url\":\"https:\/\/www.pj-capital.cz\/privacy-policy\/\",\"name\":\"Z\u00e1sady ochrany soukrom\u00ed - PJ Capital\",\"isPartOf\":{\"@id\":\"https:\/\/www.pj-capital.cz\/#website\"},\"datePublished\":\"2018-05-26T18:43:52+00:00\",\"dateModified\":\"2018-06-15T06:56:07+00:00\",\"breadcrumb\":{\"@id\":\"https:\/\/www.pj-capital.cz\/privacy-policy\/#breadcrumb\"},\"inLanguage\":\"cs\",\"potentialAction\":[{\"@type\":\"ReadAction\",\"target\":[\"https:\/\/www.pj-capital.cz\/privacy-policy\/\"]}]},{\"@type\":\"BreadcrumbList\",\"@id\":\"https:\/\/www.pj-capital.cz\/privacy-policy\/#breadcrumb\",\"itemListElement\":[{\"@type\":\"ListItem\",\"position\":1,\"name\":\"Dom\u016f\",\"item\":\"https:\/\/www.pj-capital.cz\/cs\/\"},{\"@type\":\"ListItem\",\"position\":2,\"name\":\"Z\u00e1sady ochrany soukrom\u00ed\"}]},{\"@type\":\"WebSite\",\"@id\":\"https:\/\/www.pj-capital.cz\/#website\",\"url\":\"https:\/\/www.pj-capital.cz\/\",\"name\":\"PJ Capital\",\"description\":\"\",\"publisher\":{\"@id\":\"https:\/\/www.pj-capital.cz\/#organization\"},\"potentialAction\":[{\"@type\":\"SearchAction\",\"target\":{\"@type\":\"EntryPoint\",\"urlTemplate\":\"https:\/\/www.pj-capital.cz\/?s={search_term_string}\"},\"query-input\":{\"@type\":\"PropertyValueSpecification\",\"valueRequired\":true,\"valueName\":\"search_term_string\"}}],\"inLanguage\":\"cs\"},{\"@type\":\"Organization\",\"@id\":\"https:\/\/www.pj-capital.cz\/#organization\",\"name\":\"PJ Capital\",\"url\":\"https:\/\/www.pj-capital.cz\/\",\"logo\":{\"@type\":\"ImageObject\",\"inLanguage\":\"cs\",\"@id\":\"https:\/\/www.pj-capital.cz\/#\/schema\/logo\/image\/\",\"url\":\"https:\/\/www.pj-capital.cz\/wp-content\/uploads\/2018\/05\/cropped-PJCapital_transparent300x212-1.png\",\"contentUrl\":\"https:\/\/www.pj-capital.cz\/wp-content\/uploads\/2018\/05\/cropped-PJCapital_transparent300x212-1.png\",\"width\":84,\"height\":60,\"caption\":\"PJ Capital\"},\"image\":{\"@id\":\"https:\/\/www.pj-capital.cz\/#\/schema\/logo\/image\/\"}}]}<\/script>\n<!-- \/ Yoast SEO plugin. -->","yoast_head_json":{"title":"Z\u00e1sady ochrany soukrom\u00ed - PJ Capital","robots":{"index":"index","follow":"follow","max-snippet":"max-snippet:-1","max-image-preview":"max-image-preview:large","max-video-preview":"max-video-preview:-1"},"canonical":"https:\/\/www.pj-capital.cz\/privacy-policy\/","og_locale":"cs_CZ","og_type":"article","og_title":"Z\u00e1sady ochrany soukrom\u00ed - PJ Capital","og_description":"[vc_row][vc_column][vc_custom_heading text=&#8220;Z\u00e1sady ochrany soukrom\u00ed&#8220; font_container=&#8220;tag:h1|text_align:left&#8220; use_theme_fonts=&#8220;yes&#8220;][vc_custom_heading text=&#8220;Informace ke zpracov\u00e1n\u00ed osobn\u00edch dat&#8220; font_container=&#8220;tag:h3|text_align:left&#8220; use_theme_fonts=&#8220;yes&#8220;][vc_column_text]P&amp;J Capital s.r.o., I\u010c: 28866240, se s\u00eddlem Praha 1 &#8211; Mal\u00e1 Strana, Hellichova 458\/1, PS\u010c 11800, db\u00e1 na ochranu osobn\u00edch \u00fadaj\u016f, kter\u00e9 n\u00e1m p\u0159ed\u00e1v\u00e1te. Je d\u016fle\u017eit\u00e9, abyste v\u011bd\u011bli, \u017ee osobn\u00ed \u00fadaje, kter\u00e9 n\u00e1m poskytujete, zpracov\u00e1v\u00e1me zodpov\u011bdn\u011b, transparentn\u011b a v\u00a0souladu s Na\u0159\u00edzen\u00edm Evropsk\u00e9ho parlamentu [&hellip;]","og_url":"https:\/\/www.pj-capital.cz\/privacy-policy\/","og_site_name":"PJ Capital","article_modified_time":"2018-06-15T06:56:07+00:00","twitter_card":"summary_large_image","twitter_misc":{"Odhadovan\u00e1 doba \u010dten\u00ed":"9 minut"},"schema":{"@context":"https:\/\/schema.org","@graph":[{"@type":"WebPage","@id":"https:\/\/www.pj-capital.cz\/privacy-policy\/","url":"https:\/\/www.pj-capital.cz\/privacy-policy\/","name":"Z\u00e1sady ochrany soukrom\u00ed - PJ Capital","isPartOf":{"@id":"https:\/\/www.pj-capital.cz\/#website"},"datePublished":"2018-05-26T18:43:52+00:00","dateModified":"2018-06-15T06:56:07+00:00","breadcrumb":{"@id":"https:\/\/www.pj-capital.cz\/privacy-policy\/#breadcrumb"},"inLanguage":"cs","potentialAction":[{"@type":"ReadAction","target":["https:\/\/www.pj-capital.cz\/privacy-policy\/"]}]},{"@type":"BreadcrumbList","@id":"https:\/\/www.pj-capital.cz\/privacy-policy\/#breadcrumb","itemListElement":[{"@type":"ListItem","position":1,"name":"Dom\u016f","item":"https:\/\/www.pj-capital.cz\/cs\/"},{"@type":"ListItem","position":2,"name":"Z\u00e1sady ochrany soukrom\u00ed"}]},{"@type":"WebSite","@id":"https:\/\/www.pj-capital.cz\/#website","url":"https:\/\/www.pj-capital.cz\/","name":"PJ Capital","description":"","publisher":{"@id":"https:\/\/www.pj-capital.cz\/#organization"},"potentialAction":[{"@type":"SearchAction","target":{"@type":"EntryPoint","urlTemplate":"https:\/\/www.pj-capital.cz\/?s={search_term_string}"},"query-input":{"@type":"PropertyValueSpecification","valueRequired":true,"valueName":"search_term_string"}}],"inLanguage":"cs"},{"@type":"Organization","@id":"https:\/\/www.pj-capital.cz\/#organization","name":"PJ Capital","url":"https:\/\/www.pj-capital.cz\/","logo":{"@type":"ImageObject","inLanguage":"cs","@id":"https:\/\/www.pj-capital.cz\/#\/schema\/logo\/image\/","url":"https:\/\/www.pj-capital.cz\/wp-content\/uploads\/2018\/05\/cropped-PJCapital_transparent300x212-1.png","contentUrl":"https:\/\/www.pj-capital.cz\/wp-content\/uploads\/2018\/05\/cropped-PJCapital_transparent300x212-1.png","width":84,"height":60,"caption":"PJ Capital"},"image":{"@id":"https:\/\/www.pj-capital.cz\/#\/schema\/logo\/image\/"}}]}},"_links":{"self":[{"href":"https:\/\/www.pj-capital.cz\/cs\/wp-json\/wp\/v2\/pages\/186","targetHints":{"allow":["GET"]}}],"collection":[{"href":"https:\/\/www.pj-capital.cz\/cs\/wp-json\/wp\/v2\/pages"}],"about":[{"href":"https:\/\/www.pj-capital.cz\/cs\/wp-json\/wp\/v2\/types\/page"}],"author":[{"embeddable":true,"href":"https:\/\/www.pj-capital.cz\/cs\/wp-json\/wp\/v2\/users\/1"}],"replies":[{"embeddable":true,"href":"https:\/\/www.pj-capital.cz\/cs\/wp-json\/wp\/v2\/comments?post=186"}],"version-history":[{"count":8,"href":"https:\/\/www.pj-capital.cz\/cs\/wp-json\/wp\/v2\/pages\/186\/revisions"}],"predecessor-version":[{"id":364,"href":"https:\/\/www.pj-capital.cz\/cs\/wp-json\/wp\/v2\/pages\/186\/revisions\/364"}],"wp:attachment":[{"href":"https:\/\/www.pj-capital.cz\/cs\/wp-json\/wp\/v2\/media?parent=186"}],"curies":[{"name":"wp","href":"https:\/\/api.w.org\/{rel}","templated":true}]}}