{"id":5,"date":"2018-05-11T10:48:16","date_gmt":"2018-05-11T08:48:16","guid":{"rendered":"http:\/\/www.pj-capital.cz\/?page_id=5"},"modified":"2025-05-08T13:26:23","modified_gmt":"2025-05-08T11:26:23","slug":"uvodni-stranka","status":"publish","type":"page","link":"https:\/\/www.pj-capital.cz\/cs\/","title":{"rendered":"\u00davodn\u00ed str\u00e1nka"},"content":{"rendered":"<div class=\"wpb-content-wrapper\"><p>[vc_row full_width=&#8220;stretch_row_content&#8220; full_height=&#8220;yes&#8220; equal_height=&#8220;yes&#8220; content_placement=&#8220;middle&#8220; css=&#8220;.vc_custom_1527701041370{background-image: url(http:\/\/www.pj-capital.cz\/wp-content\/uploads\/2018\/05\/Homepage.jpg?id=56) !important;background-position: 0 0 !important;background-repeat: no-repeat !important;}&#8220; el_class=&#8220;background-zoom&#8220;][vc_column offset=&#8220;vc_col-lg-offset-1 vc_col-lg-4 vc_col-md-6 vc_col-xs-12&#8243;][vc_custom_heading text=&#8220;Urychl\u00edme r\u016fst<br \/>\nva\u0161eho podnik\u00e1n\u00ed&#8220; font_container=&#8220;tag:h1|text_align:left&#8220; use_theme_fonts=&#8220;yes&#8220;][vc_separator color=&#8220;black&#8220; align=&#8220;align_left&#8220; border_width=&#8220;2&#8243; el_width=&#8220;10&#8243;][\/vc_column][vc_column offset=&#8220;vc_col-lg-5 vc_col-md-6 vc_col-xs-12&#8243;][vc_column_text]<span style=\"color: #ff6016;\">P\u0159in\u00e1\u0161\u00edme v\u00e1\u0161e\u0148<\/span>, know-how a finan\u010dn\u00ed prost\u0159edky spole\u010dnostem s potenci\u00e1lem r\u016fstu ve st\u0159edn\u00ed Evrop\u011b i dal\u0161\u00edch zem\u00edch.[\/vc_column_text][vc_column_text]<span style=\"color: #ff6016;\">Podporujeme projekty<\/span>\u00a0s doposud neodhalenou p\u0159idanou hodnotou. Hled\u00e1me mlad\u00e9 nebo za\u010d\u00ednaj\u00edc\u00ed firmy, jejich\u017e r\u016fstov\u00e9 mo\u017enosti pom\u00e1h\u00e1me napl\u0148ovat nejen p\u0159\u00edm\u00fdmi investicemi, ale tak\u00e9 posilov\u00e1n\u00edm mana\u017eersk\u00fdch t\u00fdm\u016f a trp\u011blivou poradenskou prac\u00ed na\u0161ich\u00a0 odborn\u00edk\u016f.[\/vc_column_text][vc_column_text]Vytv\u00e1\u0159\u00edme vysokou p\u0159idanou hodnotu nejen podnikatelsk\u00fdm projekt\u016fm, ale tak\u00e9 investor\u016fm hledaj\u00edc\u00ed nov\u00e9 r\u016fstov\u00e9 mo\u017enosti pro sv\u016fj kapit\u00e1l. V\u011b\u0159\u00edme, \u017ee st\u0159edn\u00ed Evropa je regionem, kde se snoub\u00ed talent a technick\u00e9 schopnosti lid\u00ed s nadpr\u016fm\u011brnou chut\u00ed usp\u011bt<i>.<\/i>[\/vc_column_text][\/vc_column][\/vc_row][vc_row full_width=&#8220;stretch_row_content&#8220; full_height=&#8220;yes&#8220; equal_height=&#8220;yes&#8220; content_placement=&#8220;middle&#8220; el_class=&#8220;section&#8220;][vc_column offset=&#8220;vc_col-lg-offset-1 vc_col-lg-7 vc_col-md-12 vc_col-xs-12&#8243;][vc_custom_heading text=&#8220;S n\u00e1mi budete siln\u011bj\u0161\u00ed&#8220; use_theme_fonts=&#8220;yes&#8220;][vc_separator color=&#8220;black&#8220; align=&#8220;align_left&#8220; border_width=&#8220;2&#8243; el_width=&#8220;10&#8243; el_class=&#8220;title-sep&#8220;][vc_column_text]<em>Aby splnily sny sv\u00fdch zakladatel\u016f, d\u0159\u00edve nebo pozd\u011bji t\u00e9m\u011b\u0159 v\u0161echny spole\u010dnosti pot\u0159ebuj\u00ed extern\u00ed pomoc. A\u0165 u\u017e se jedn\u00e1 o kapit\u00e1l, pos\u00edlen\u00ed managementu nebo nov\u00e9\u00a0know-how.<\/em>[\/vc_column_text][vc_column_text]<em>Pokud v\u00e1\u0161 byznys stoj\u00ed na podobn\u00e9m rozcest\u00ed, v\u011b\u0159te, \u017ee s n\u00e1mi budete siln\u011bj\u0161\u00ed. M\u00e1me zdroje i znalosti, kter\u00e9 pro sv\u016fj r\u016fst pot\u0159ebujete. Hled\u00e1me a nab\u00edz\u00edme investi\u010dn\u00ed p\u0159\u00edle\u017eitosti typu Seed, Post Seed a Round A. Zaj\u00edm\u00e1 v\u00e1s, jak v\u00e1m m\u016f\u017eeme b\u00fdt prosp\u011b\u0161n\u00ed? Poj\u010fme si o tom promluvit.<\/em>[\/vc_column_text][vc_row_inner css=&#8220;.vc_custom_1527601040135{margin-bottom: 1rem !important;}&#8220;][vc_column_inner offset=&#8220;vc_col-lg-4 vc_col-md-6 vc_col-xs-12&#8243;][vc_column_text]<a class=\"btn btn-primary rounded-0 btn-block text-center\" href=\"#section-3\">Pro podnikatele<\/a>[\/vc_column_text][\/vc_column_inner][vc_column_inner width=&#8220;1\/2&#8243; offset=&#8220;vc_col-lg-4 vc_col-md-6 vc_col-xs-12&#8243;][vc_column_text]<a class=\"btn btn-primary rounded-0 btn-block text-center\" href=\"#section-4\">Pro investory<\/a>[\/vc_column_text][\/vc_column_inner][vc_column_inner width=&#8220;1\/2&#8243; offset=&#8220;vc_col-lg-4 vc_hidden-lg vc_col-md-6 vc_hidden-md vc_hidden-sm vc_col-xs-12 vc_hidden-xs&#8220;][\/vc_column_inner][\/vc_row_inner][vc_row_inner equal_height=&#8220;yes&#8220; content_placement=&#8220;top&#8220;][vc_column_inner offset=&#8220;vc_col-lg-4 vc_col-md-12 vc_col-xs-12&#8243;][vc_custom_heading text=&#8220;Venture capital&#8220; font_container=&#8220;tag:h3|text_align:left&#8220; use_theme_fonts=&#8220;yes&#8220;][vc_separator color=&#8220;black&#8220; border_width=&#8220;2&#8243;][vc_column_text el_class=&#8220;font-sm&#8220;]Uvedli jste v \u017eivot sv\u016fj podnikatelsk\u00fd z\u00e1m\u011br a p\u0159em\u00fd\u0161l\u00edte jak ho dostat na dal\u0161\u00ed \u00farove\u0148? M\u00e1te u\u017e prvn\u00ed z\u00e1kazn\u00edky, ale pot\u0159ebujete investora a siln\u011bj\u0161\u00ed management, abyste mohli opravdu vyr\u016fst? Pr\u00e1v\u011b od toho jsme tady my.[\/vc_column_text][\/vc_column_inner][vc_column_inner offset=&#8220;vc_col-lg-4 vc_col-md-12 vc_col-xs-12&#8243;][vc_custom_heading text=&#8220;Seed \/ Post Seed Investice&#8220; font_container=&#8220;tag:h3|text_align:left&#8220; use_theme_fonts=&#8220;yes&#8220;][vc_separator color=&#8220;black&#8220; border_width=&#8220;2&#8243;][vc_column_text el_class=&#8220;font-sm&#8220;]Typicky investice ve v\u00fd\u0161i des\u00edtek tis\u00edc a\u017e 1 milion euro do za\u010d\u00ednaj\u00edc\u00edch firem v rann\u00e9 f\u00e1zi v\u00fdvoje. Tyto investice uskute\u010d\u0148ujeme typicky kapit\u00e1lov\u00fdm vstupem do spole\u010dnosti.[\/vc_column_text][\/vc_column_inner][vc_column_inner offset=&#8220;vc_col-lg-4 vc_col-md-12 vc_col-xs-12&#8243;][vc_custom_heading text=&#8220;Round A \/ Series A&#8220; font_container=&#8220;tag:h3|text_align:left&#8220; use_theme_fonts=&#8220;yes&#8220;][vc_separator color=&#8220;black&#8220; border_width=&#8220;2&#8243;][vc_column_text el_class=&#8220;font-sm&#8220;]Investice v \u0159\u00e1dech milion\u016f eur do spole\u010dnost\u00ed s ji\u017e prov\u011b\u0159en\u00fdm obchodn\u00edm modelem a zku\u0161en\u011bj\u0161\u00edm managementem. V\u011bt\u0161\u00ed investici odpov\u00edd\u00e1 zpravidla i v\u011bt\u0161\u00ed pod\u00edl na spole\u010dnosti z\u00edskan\u00fd p\u0159i na\u0161em kapitalov\u00e9m vstupu.[\/vc_column_text][\/vc_column_inner][\/vc_row_inner][\/vc_column][vc_column width=&#8220;1\/3&#8243; css=&#8220;.vc_custom_1529843970914{background-position: center !important;background-repeat: no-repeat !important;background-size: cover !important;}&#8220; offset=&#8220;vc_col-lg-offset-0 vc_col-lg-4 vc_col-md-12 vc_hidden-md vc_hidden-sm vc_col-xs-12 vc_hidden-xs&#8220;][vc_single_image image=&#8220;58&#8243; img_size=&#8220;full&#8220; alignment=&#8220;right&#8220;][\/vc_column][\/vc_row][vc_row full_width=&#8220;stretch_row_content&#8220; full_height=&#8220;yes&#8220; equal_height=&#8220;yes&#8220; content_placement=&#8220;middle&#8220; el_class=&#8220;section center&#8220; css=&#8220;.vc_custom_1527594020330{background-image: url(http:\/\/www.pj-capital.cz\/wp-content\/uploads\/2018\/05\/We_ll_take_you_to_the_next.jpg?id=55) !important;background-position: center !important;background-repeat: no-repeat !important;background-size: cover !important;}&#8220;][vc_column offset=&#8220;vc_col-lg-offset-2 vc_col-lg-4 vc_col-md-4 vc_col-xs-12&#8243;][vc_custom_heading text=&#8220;Dostaneme v\u00e1s<br \/>\nna vy\u0161\u0161\u00ed<br \/>\n\u00farove\u0148&#8220; use_theme_fonts=&#8220;yes&#8220;][vc_separator color=&#8220;black&#8220; align=&#8220;align_left&#8220; border_width=&#8220;2&#8243; el_width=&#8220;10&#8243; el_class=&#8220;title-sep&#8220;][\/vc_column][vc_column offset=&#8220;vc_col-lg-offset-1 vc_col-lg-4 vc_col-md-8 vc_col-xs-12&#8243;][vc_column_text el_class=&#8220;italic&#8220;]M\u00e1te smyslupln\u00fd projekt, kter\u00fd ji\u017e funguje a generuje p\u0159\u00edjem? Abyste ho posunuli na dal\u0161\u00ed \u00farove\u0148, budete dost mo\u017en\u00e1 pot\u0159ebovat pomoct.<\/p>\n<p><span style=\"color: #ff6016;\">M\u00e1me zku\u0161enosti<\/span>\u00a0s nastartov\u00e1n\u00edm r\u016fstu firem, jako je ta va\u0161e. M\u00e1me s\u00ed\u0165 byznys kontakt\u016f i stabiln\u00ed t\u00fdm odborn\u00edk\u016f, kter\u00fd je schopen akcelerovat v\u00e1\u0161 r\u016fst. P\u0159eneseme v\u00e1s bezpe\u010dn\u011b p\u0159es p\u0159ek\u00e1\u017eky v\u0161ech druh\u016f a velikost\u00ed, jen\u017e na cest\u011b za \u00fasp\u011bchem potk\u00e1te. To v\u0161e d\u00edky na\u0161emu know-how z\u00edskan\u00e9mu des\u00edtkami let zku\u0161enost\u00ed v r\u016fzn\u00fdch odv\u011btv\u00edch.<\/p>\n<p>Tyto na\u0161e zku\u0161enosti nab\u00edz\u00edme p\u0159edev\u0161\u00edm jako aktivn\u00ed investo\u0159i ve va\u0161ich projektech ale tak\u00e9 i jako mento\u0159i v\u00a0podob\u011b konzultac\u00ed.<\/p>\n<p><span style=\"color: #ff6016;\">Um\u00edme pomoci firm\u00e1m ze v\u0161ech odv\u011btv\u00ed<\/span>.\u00a0Nev\u011bt\u0161\u00ed zku\u0161enosti m\u00e1me v rozvoji firem z oblasti realit, fin-tech, agro-tech a ICT.[\/vc_column_text][\/vc_column][\/vc_row][vc_row full_width=&#8220;stretch_row_content&#8220; full_height=&#8220;yes&#8220; equal_height=&#8220;yes&#8220; content_placement=&#8220;middle&#8220; el_class=&#8220;section center&#8220; css=&#8220;.vc_custom_1527584541238{background-image: url(http:\/\/www.pj-capital.cz\/wp-content\/uploads\/2018\/05\/We_ll_give_your_money_passion.jpg?id=54) !important;background-position: center !important;background-repeat: no-repeat !important;background-size: cover !important;}&#8220;][vc_column offset=&#8220;vc_col-lg-offset-2 vc_col-lg-4 vc_col-md-4 vc_col-xs-12&#8243;][vc_custom_heading text=&#8220;Va\u0161e pen\u00edze<br \/>\nsi zaslou\u017e\u00ed<br \/>\nv\u00e1\u0161e\u0148&#8220; use_theme_fonts=&#8220;yes&#8220;][vc_separator color=&#8220;black&#8220; align=&#8220;align_left&#8220; border_width=&#8220;2&#8243; el_width=&#8220;10&#8243; el_class=&#8220;title-sep&#8220;][\/vc_column][vc_column offset=&#8220;vc_col-lg-offset-1 vc_col-lg-4 vc_col-md-8 vc_col-xs-12&#8243;][vc_column_text el_class=&#8220;italic&#8220;]Budov\u00e1n\u00ed \u00fasp\u011b\u0161n\u00fdch firem vy\u017eaduje zku\u0161enosti, nad\u0161en\u00ed a pen\u00edze. V\u0161echny tyto t\u0159i faktory dod\u00e1v\u00e1me projekt\u016fm, na jejich\u017e rozvoji se pod\u00edl\u00edme.<\/p>\n<p>I va\u0161e pen\u00edze se mohou st\u00e1t ned\u00edlnou sou\u010d\u00e1st\u00ed na\u0161ich \u00fasp\u011b\u0161n\u00fdch projekt\u016f. Na financov\u00e1n\u00ed se budeme v\u017edy pod\u00edlet s v\u00e1mi ,a tak \u201ev tom\u201c va\u0161e finan\u010dn\u00ed prost\u0159edky nenech\u00e1me samotn\u00e9, co\u017e v\u00e1m i n\u00e1m umo\u017en\u00ed sn\u00ed\u017eit riziko.<\/p>\n<p>Na\u0161e v\u00e1\u0161e\u0148 a zku\u0161enosti jsou z\u00e1rukou, \u017ee va\u0161e (i na\u0161e) pen\u00edze budou spole\u010dn\u011b vytv\u00e1\u0159et prosperuj\u00edc\u00ed podniky s excelentn\u00edmi v\u00fdnosy.<\/p>\n<p>Pokud hled\u00e1te mo\u017enosti, jak investovat<span style=\"color: #ff6016;\">\u00a0do firemn\u00edch aktiv s vysok\u00fdm v\u00fdnosov\u00fdm potenci\u00e1lem<\/span>, poj\u010fme si spole\u010dn\u011b promluvit.[\/vc_column_text][\/vc_column][\/vc_row][vc_row full_width=&#8220;stretch_row_content&#8220; full_height=&#8220;yes&#8220; equal_height=&#8220;yes&#8220; content_placement=&#8220;middle&#8220;][vc_column offset=&#8220;vc_col-lg-offset-0 vc_col-lg-5 vc_col-md-offset-0 vc_col-md-5 vc_col-xs-12&#8243; el_id=&#8220;side-map&#8220; css=&#8220;.vc_custom_1527603343630{padding-right: 0px !important;padding-left: 0px !important;}&#8220; el_class=&#8220;order-1 order-lg-0&#8243;][vc_gmaps link=&#8220;#E-8_JTNDaWZyYW1lJTIwc3JjJTNEJTIyaHR0cHMlM0ElMkYlMkZ3d3cuZ29vZ2xlLmNvbSUyRm1hcHMlMkZlbWJlZCUzRnBiJTNEJTIxMW0xOCUyMTFtMTIlMjExbTMlMjExZDI1NjAuMTEzMjM3NzQ2NDk3JTIxMmQxNC40MDM3NDU3MTU0NTc5NTglMjEzZDUwLjA4NDE2NjcyMTU3MDY5JTIxMm0zJTIxMWYwJTIxMmYwJTIxM2YwJTIxM20yJTIxMWkxMDI0JTIxMmk3NjglMjE0ZjEzLjElMjEzbTMlMjExbTIlMjExczB4NDcwYjk0ZTM1ZDgwMjQ5MSUyNTNBMHg3NzIxYWQ3ZWEyNTI5Y2VjJTIxMnNQJTI1MjZKJTJCQ2FwaXRhbCUyQnMuci5vLiUyMTVlMCUyMTNtMiUyMTFzZW4lMjEyc2N6JTIxNHYxNTI2OTY2NjcwMTYxJTIyJTIwd2lkdGglM0QlMjI2MDAlMjIlMjBoZWlnaHQlM0QlMjI0NTAlMjIlMjBmcmFtZWJvcmRlciUzRCUyMjAlMjIlMjBzdHlsZSUzRCUyMmJvcmRlciUzQTAlMjIlMjBhbGxvd2Z1bGxzY3JlZW4lM0UlM0MlMkZpZnJhbWUlM0U=&#8220; size=&#8220;100%&#8220; css=&#8220;.vc_custom_1527598633231{margin-bottom: 0px !important;}&#8220;][\/vc_column][vc_column offset=&#8220;vc_col-lg-offset-1 vc_col-lg-5 vc_col-md-offset-1 vc_col-md-5 vc_col-xs-12&#8243; el_class=&#8220;order-0 order-lg-1&#8243;][vc_custom_heading text=&#8220;Poznejme se&#8220; use_theme_fonts=&#8220;yes&#8220;][vc_column_text el_class=&#8220;block&#8220;]Pokud m\u00e1te jak\u00fdkoliv dotaz, nev\u00e1hejte vyu\u017e\u00edt n\u011bkterou z mo\u017enost\u00ed kontaktu n\u00ed\u017ee. Pokud jste podnikatel hledaj\u00edc\u00ed investora pro sv\u016fj projekt, bude lep\u0161\u00ed, kdy\u017e n\u00e1m o sv\u00e9m z\u00e1m\u011bru \u0159eknete v\u00edce\u00a0<a href=\"\/cs\/contact-us\/\"><span style=\"color: #ff6016;\">zde<\/span><\/a>.[\/vc_column_text][vc_separator color=&#8220;black&#8220; align=&#8220;align_left&#8220; border_width=&#8220;2&#8243; el_width=&#8220;10&#8243;][vc_row_inner][vc_column_inner width=&#8220;1\/2&#8243;][vc_column_text]<a href=\"tel:+420777 479 947\">+420 777\u00a0479\u00a0947<\/a><\/p>\n<p><a href=\"mailto:info@pj-capital.cz\">info@pj-capital.cz<\/a>[\/vc_column_text][\/vc_column_inner][vc_column_inner width=&#8220;1\/2&#8243;][vc_column_text]<strong>P&amp;J Capital s.r.o.<\/strong><br \/>\nI\u010c: 28866240<br \/>\nHellichova 458\/1<br \/>\n118 00 Praha 1 &#8211; Mal\u00e1 Strana<br \/>\nCzech Republic[\/vc_column_text][\/vc_column_inner][\/vc_row_inner][\/vc_column][\/vc_row]<\/p>\n<\/div>","protected":false},"excerpt":{"rendered":"<p>[vc_row full_width=&#8220;stretch_row_content&#8220; full_height=&#8220;yes&#8220; equal_height=&#8220;yes&#8220; content_placement=&#8220;middle&#8220; css=&#8220;.vc_custom_1527701041370{background-image: url(http:\/\/www.pj-capital.cz\/wp-content\/uploads\/2018\/05\/Homepage.jpg?id=56) !important;background-position: 0 0 !important;background-repeat: no-repeat !important;}&#8220; el_class=&#8220;background-zoom&#8220;][vc_column offset=&#8220;vc_col-lg-offset-1 vc_col-lg-4 vc_col-md-6 vc_col-xs-12&#8243;][vc_custom_heading text=&#8220;Urychl\u00edme r\u016fst va\u0161eho podnik\u00e1n\u00ed&#8220; font_container=&#8220;tag:h1|text_align:left&#8220; use_theme_fonts=&#8220;yes&#8220;][vc_separator color=&#8220;black&#8220; align=&#8220;align_left&#8220; border_width=&#8220;2&#8243; el_width=&#8220;10&#8243;][\/vc_column][vc_column offset=&#8220;vc_col-lg-5 vc_col-md-6 vc_col-xs-12&#8243;][vc_column_text]P\u0159in\u00e1\u0161\u00edme v\u00e1\u0161e\u0148, know-how a finan\u010dn\u00ed prost\u0159edky spole\u010dnostem s potenci\u00e1lem r\u016fstu ve st\u0159edn\u00ed Evrop\u011b i dal\u0161\u00edch zem\u00edch.[\/vc_column_text][vc_column_text]Podporujeme projekty\u00a0s doposud neodhalenou p\u0159idanou hodnotou. Hled\u00e1me mlad\u00e9 nebo za\u010d\u00ednaj\u00edc\u00ed [&hellip;]<\/p>\n","protected":false},"author":1,"featured_media":0,"parent":0,"menu_order":0,"comment_status":"closed","ping_status":"closed","template":"","meta":{"footnotes":""},"class_list":["post-5","page","type-page","status-publish","hentry"],"yoast_head":"<!-- This site is optimized with the Yoast SEO plugin v25.5 - https:\/\/yoast.com\/wordpress\/plugins\/seo\/ -->\n<title>P&amp;J Capital s.r.o. | Urychl\u00edme r\u016fst va\u0161eho podnik\u00e1n\u00ed<\/title>\n<meta name=\"description\" content=\"Jsme venture capital investor. P\u0159in\u00e1\u0161\u00edme v\u00e1\u0161e\u0148, know-how a finan\u010dn\u00ed prost\u0159edky spole\u010dnostem s potenci\u00e1lem r\u016fstu ve st\u0159edn\u00ed Evrop\u011b i dal\u0161\u00edch st\u00e1tech. Rovn\u011b\u017e nab\u00edz\u00edme mo\u017enost investor\u016fm pod\u00edlet se kapit\u00e1lov\u011b na na\u0161ich projektech.\" \/>\n<meta name=\"robots\" content=\"index, follow, max-snippet:-1, max-image-preview:large, max-video-preview:-1\" \/>\n<link rel=\"canonical\" href=\"https:\/\/www.pj-capital.cz\/cs\/\" \/>\n<meta property=\"og:locale\" content=\"cs_CZ\" \/>\n<meta property=\"og:type\" content=\"article\" \/>\n<meta property=\"og:title\" content=\"P&amp;J Capital s.r.o. | Urychl\u00edme r\u016fst va\u0161eho podnik\u00e1n\u00ed\" \/>\n<meta property=\"og:description\" content=\"Jsme venture capital investor. P\u0159in\u00e1\u0161\u00edme v\u00e1\u0161e\u0148, know-how a finan\u010dn\u00ed prost\u0159edky spole\u010dnostem s potenci\u00e1lem r\u016fstu ve st\u0159edn\u00ed Evrop\u011b i dal\u0161\u00edch st\u00e1tech. Rovn\u011b\u017e nab\u00edz\u00edme mo\u017enost investor\u016fm pod\u00edlet se kapit\u00e1lov\u011b na na\u0161ich projektech.\" \/>\n<meta property=\"og:url\" content=\"https:\/\/www.pj-capital.cz\/cs\/\" \/>\n<meta property=\"og:site_name\" content=\"PJ Capital\" \/>\n<meta property=\"article:modified_time\" content=\"2025-05-08T11:26:23+00:00\" \/>\n<meta name=\"twitter:card\" content=\"summary_large_image\" \/>\n<meta name=\"twitter:label1\" content=\"Odhadovan\u00e1 doba \u010dten\u00ed\" \/>\n\t<meta name=\"twitter:data1\" content=\"8 minut\" \/>\n<script type=\"application\/ld+json\" class=\"yoast-schema-graph\">{\"@context\":\"https:\/\/schema.org\",\"@graph\":[{\"@type\":\"WebPage\",\"@id\":\"https:\/\/www.pj-capital.cz\/cs\/\",\"url\":\"https:\/\/www.pj-capital.cz\/cs\/\",\"name\":\"P&J Capital s.r.o. | Urychl\u00edme r\u016fst va\u0161eho podnik\u00e1n\u00ed\",\"isPartOf\":{\"@id\":\"https:\/\/www.pj-capital.cz\/#website\"},\"datePublished\":\"2018-05-11T08:48:16+00:00\",\"dateModified\":\"2025-05-08T11:26:23+00:00\",\"description\":\"Jsme venture capital investor. P\u0159in\u00e1\u0161\u00edme v\u00e1\u0161e\u0148, know-how a finan\u010dn\u00ed prost\u0159edky spole\u010dnostem s potenci\u00e1lem r\u016fstu ve st\u0159edn\u00ed Evrop\u011b i dal\u0161\u00edch st\u00e1tech. Rovn\u011b\u017e nab\u00edz\u00edme mo\u017enost investor\u016fm pod\u00edlet se kapit\u00e1lov\u011b na na\u0161ich projektech.\",\"breadcrumb\":{\"@id\":\"https:\/\/www.pj-capital.cz\/cs\/#breadcrumb\"},\"inLanguage\":\"cs\",\"potentialAction\":[{\"@type\":\"ReadAction\",\"target\":[\"https:\/\/www.pj-capital.cz\/cs\/\"]}]},{\"@type\":\"BreadcrumbList\",\"@id\":\"https:\/\/www.pj-capital.cz\/cs\/#breadcrumb\",\"itemListElement\":[{\"@type\":\"ListItem\",\"position\":1,\"name\":\"Dom\u016f\",\"item\":\"https:\/\/www.pj-capital.cz\/cs\/\"},{\"@type\":\"ListItem\",\"position\":2,\"name\":\"\u00davodn\u00ed str\u00e1nka\"}]},{\"@type\":\"WebSite\",\"@id\":\"https:\/\/www.pj-capital.cz\/#website\",\"url\":\"https:\/\/www.pj-capital.cz\/\",\"name\":\"PJ Capital\",\"description\":\"\",\"publisher\":{\"@id\":\"https:\/\/www.pj-capital.cz\/#organization\"},\"potentialAction\":[{\"@type\":\"SearchAction\",\"target\":{\"@type\":\"EntryPoint\",\"urlTemplate\":\"https:\/\/www.pj-capital.cz\/?s={search_term_string}\"},\"query-input\":{\"@type\":\"PropertyValueSpecification\",\"valueRequired\":true,\"valueName\":\"search_term_string\"}}],\"inLanguage\":\"cs\"},{\"@type\":\"Organization\",\"@id\":\"https:\/\/www.pj-capital.cz\/#organization\",\"name\":\"PJ Capital\",\"url\":\"https:\/\/www.pj-capital.cz\/\",\"logo\":{\"@type\":\"ImageObject\",\"inLanguage\":\"cs\",\"@id\":\"https:\/\/www.pj-capital.cz\/#\/schema\/logo\/image\/\",\"url\":\"https:\/\/www.pj-capital.cz\/wp-content\/uploads\/2018\/05\/cropped-PJCapital_transparent300x212-1.png\",\"contentUrl\":\"https:\/\/www.pj-capital.cz\/wp-content\/uploads\/2018\/05\/cropped-PJCapital_transparent300x212-1.png\",\"width\":84,\"height\":60,\"caption\":\"PJ Capital\"},\"image\":{\"@id\":\"https:\/\/www.pj-capital.cz\/#\/schema\/logo\/image\/\"}}]}<\/script>\n<!-- \/ Yoast SEO plugin. -->","yoast_head_json":{"title":"P&J Capital s.r.o. | Urychl\u00edme r\u016fst va\u0161eho podnik\u00e1n\u00ed","description":"Jsme venture capital investor. P\u0159in\u00e1\u0161\u00edme v\u00e1\u0161e\u0148, know-how a finan\u010dn\u00ed prost\u0159edky spole\u010dnostem s potenci\u00e1lem r\u016fstu ve st\u0159edn\u00ed Evrop\u011b i dal\u0161\u00edch st\u00e1tech. Rovn\u011b\u017e nab\u00edz\u00edme mo\u017enost investor\u016fm pod\u00edlet se kapit\u00e1lov\u011b na na\u0161ich projektech.","robots":{"index":"index","follow":"follow","max-snippet":"max-snippet:-1","max-image-preview":"max-image-preview:large","max-video-preview":"max-video-preview:-1"},"canonical":"https:\/\/www.pj-capital.cz\/cs\/","og_locale":"cs_CZ","og_type":"article","og_title":"P&J Capital s.r.o. | Urychl\u00edme r\u016fst va\u0161eho podnik\u00e1n\u00ed","og_description":"Jsme venture capital investor. P\u0159in\u00e1\u0161\u00edme v\u00e1\u0161e\u0148, know-how a finan\u010dn\u00ed prost\u0159edky spole\u010dnostem s potenci\u00e1lem r\u016fstu ve st\u0159edn\u00ed Evrop\u011b i dal\u0161\u00edch st\u00e1tech. Rovn\u011b\u017e nab\u00edz\u00edme mo\u017enost investor\u016fm pod\u00edlet se kapit\u00e1lov\u011b na na\u0161ich projektech.","og_url":"https:\/\/www.pj-capital.cz\/cs\/","og_site_name":"PJ Capital","article_modified_time":"2025-05-08T11:26:23+00:00","twitter_card":"summary_large_image","twitter_misc":{"Odhadovan\u00e1 doba \u010dten\u00ed":"8 minut"},"schema":{"@context":"https:\/\/schema.org","@graph":[{"@type":"WebPage","@id":"https:\/\/www.pj-capital.cz\/cs\/","url":"https:\/\/www.pj-capital.cz\/cs\/","name":"P&J Capital s.r.o. | Urychl\u00edme r\u016fst va\u0161eho podnik\u00e1n\u00ed","isPartOf":{"@id":"https:\/\/www.pj-capital.cz\/#website"},"datePublished":"2018-05-11T08:48:16+00:00","dateModified":"2025-05-08T11:26:23+00:00","description":"Jsme venture capital investor. P\u0159in\u00e1\u0161\u00edme v\u00e1\u0161e\u0148, know-how a finan\u010dn\u00ed prost\u0159edky spole\u010dnostem s potenci\u00e1lem r\u016fstu ve st\u0159edn\u00ed Evrop\u011b i dal\u0161\u00edch st\u00e1tech. Rovn\u011b\u017e nab\u00edz\u00edme mo\u017enost investor\u016fm pod\u00edlet se kapit\u00e1lov\u011b na na\u0161ich projektech.","breadcrumb":{"@id":"https:\/\/www.pj-capital.cz\/cs\/#breadcrumb"},"inLanguage":"cs","potentialAction":[{"@type":"ReadAction","target":["https:\/\/www.pj-capital.cz\/cs\/"]}]},{"@type":"BreadcrumbList","@id":"https:\/\/www.pj-capital.cz\/cs\/#breadcrumb","itemListElement":[{"@type":"ListItem","position":1,"name":"Dom\u016f","item":"https:\/\/www.pj-capital.cz\/cs\/"},{"@type":"ListItem","position":2,"name":"\u00davodn\u00ed str\u00e1nka"}]},{"@type":"WebSite","@id":"https:\/\/www.pj-capital.cz\/#website","url":"https:\/\/www.pj-capital.cz\/","name":"PJ Capital","description":"","publisher":{"@id":"https:\/\/www.pj-capital.cz\/#organization"},"potentialAction":[{"@type":"SearchAction","target":{"@type":"EntryPoint","urlTemplate":"https:\/\/www.pj-capital.cz\/?s={search_term_string}"},"query-input":{"@type":"PropertyValueSpecification","valueRequired":true,"valueName":"search_term_string"}}],"inLanguage":"cs"},{"@type":"Organization","@id":"https:\/\/www.pj-capital.cz\/#organization","name":"PJ Capital","url":"https:\/\/www.pj-capital.cz\/","logo":{"@type":"ImageObject","inLanguage":"cs","@id":"https:\/\/www.pj-capital.cz\/#\/schema\/logo\/image\/","url":"https:\/\/www.pj-capital.cz\/wp-content\/uploads\/2018\/05\/cropped-PJCapital_transparent300x212-1.png","contentUrl":"https:\/\/www.pj-capital.cz\/wp-content\/uploads\/2018\/05\/cropped-PJCapital_transparent300x212-1.png","width":84,"height":60,"caption":"PJ Capital"},"image":{"@id":"https:\/\/www.pj-capital.cz\/#\/schema\/logo\/image\/"}}]}},"_links":{"self":[{"href":"https:\/\/www.pj-capital.cz\/cs\/wp-json\/wp\/v2\/pages\/5","targetHints":{"allow":["GET"]}}],"collection":[{"href":"https:\/\/www.pj-capital.cz\/cs\/wp-json\/wp\/v2\/pages"}],"about":[{"href":"https:\/\/www.pj-capital.cz\/cs\/wp-json\/wp\/v2\/types\/page"}],"author":[{"embeddable":true,"href":"https:\/\/www.pj-capital.cz\/cs\/wp-json\/wp\/v2\/users\/1"}],"replies":[{"embeddable":true,"href":"https:\/\/www.pj-capital.cz\/cs\/wp-json\/wp\/v2\/comments?post=5"}],"version-history":[{"count":32,"href":"https:\/\/www.pj-capital.cz\/cs\/wp-json\/wp\/v2\/pages\/5\/revisions"}],"predecessor-version":[{"id":409,"href":"https:\/\/www.pj-capital.cz\/cs\/wp-json\/wp\/v2\/pages\/5\/revisions\/409"}],"wp:attachment":[{"href":"https:\/\/www.pj-capital.cz\/cs\/wp-json\/wp\/v2\/media?parent=5"}],"curies":[{"name":"wp","href":"https:\/\/api.w.org\/{rel}","templated":true}]}}